{"id":539,"date":"2025-12-03T02:21:23","date_gmt":"2025-12-03T01:21:23","guid":{"rendered":"https:\/\/staging.bravasun.com\/?page_id=539"},"modified":"2025-12-13T17:00:45","modified_gmt":"2025-12-13T16:00:45","slug":"legal-notice","status":"publish","type":"page","link":"https:\/\/bravasun.com\/en\/legal-notice\/","title":{"rendered":"Terms of use"},"content":{"rendered":"<p>In accordance with the provisions of Law No. 2004-575 of June 21, 2004 on confidence in the digital economy, users of the site are hereby informed of the following <strong><a href=\"https:\/\/bravasun.com\/en\/\">www.bravasun.com<\/a><\/strong> the identity of the various parties involved in its implementation and follow-up.<\/p>\n\n\n\n<div style=\"height:50px\" aria-hidden=\"true\" class=\"wp-block-spacer\"><\/div>\n\n\n\n<p><strong>Site editing<\/strong><\/p>\n\n\n\n<p>Le site <strong><a href=\"https:\/\/bravasun.com\/en\/\">www.bravasun.com<\/a><\/strong> (hereinafter \u00abthe Site\u00bb) is published by :<\/p>\n\n\n\n<p><strong>BRAVASUN<\/strong>,<br>French corporation with share capital of <strong>2,500 euros<\/strong>,<br>Registered with the Registre du Commerce et des Soci\u00e9t\u00e9s de <strong>Nanterre<\/strong> under the number <strong>952 024 917<\/strong>,<br>Whose registered office is located :<br><strong>144 Avenue Charles de Gaulle, 92200 Neuilly-sur-Seine - France<\/strong>,<br>Represented by <strong>Mr Alberto Noriega<\/strong>, duly authorized.<\/p>\n\n\n\n<p><strong>SIRET NO. :<\/strong> 95202491700017<br><strong>VAT number :<\/strong> FR70952024917<\/p>\n\n\n\n<div style=\"height:50px\" aria-hidden=\"true\" class=\"wp-block-spacer\"><\/div>\n\n\n\n<h2 class=\"wp-block-heading\"><strong>Hosting<\/strong><\/h2>\n\n\n\n<p>The Site is hosted by <strong>NAMECHEAP<\/strong>,<br>4600 East Washington Street, Suite 305,<br>Phoenix, AZ 85034, United States.<br>Phone : <strong>+1 (661) 310-2107<\/strong><br>Website : <a href=\"https:\/\/www.namecheap.com\">https:\/\/www.namecheap.com<\/a><\/p>\n\n\n\n<div style=\"height:50px\" aria-hidden=\"true\" class=\"wp-block-spacer\"><\/div>\n\n\n\n<h2 class=\"wp-block-heading\"><strong>Publication management<\/strong><\/h2>\n\n\n\n<p>The Publishing Director is :<br><strong>Mr Alberto Noriega<\/strong><\/p>\n\n\n\n<div style=\"height:50px\" aria-hidden=\"true\" class=\"wp-block-spacer\"><\/div>\n\n\n\n<h2 class=\"wp-block-heading\"><strong>Contact<\/strong><\/h2>\n\n\n\n<p>For further information, please contact BRAVASUN :<\/p>\n\n\n\n<ul class=\"wp-block-list\">\n<li><strong>Phone :<\/strong> +33 6 19 98 25 68<\/li>\n\n\n\n<li><strong>Email :<\/strong> <a>contact@bravasun.com<\/a><\/li>\n\n\n\n<li><strong>Postal address:<\/strong> BRAVASUN, 144 Avenue Charles de Gaulle, 92200 Neuilly-sur-Seine, France<\/li>\n<\/ul>\n\n\n\n<div style=\"height:50px\" aria-hidden=\"true\" class=\"wp-block-spacer\"><\/div>\n\n\n\n<h2 class=\"wp-block-heading\"><strong>Intellectual property<\/strong><\/h2>\n\n\n\n<p>All elements on the Site (texts, images, photographs, videos, logos, graphics, icons, general structure, etc.) are protected by copyright and remain the exclusive property of BRAVASUN or its partners.<\/p>\n\n\n\n<p>Any reproduction, representation, modification, adaptation or use, in whole or in part, of the Site or any of its components, by any means whatsoever, is prohibited without the prior written consent of BRAVASUN.<\/p>\n\n\n\n<div style=\"height:50px\" aria-hidden=\"true\" class=\"wp-block-spacer\"><\/div>\n\n\n\n<h2 class=\"wp-block-heading\"><strong>Liability<\/strong><\/h2>\n\n\n\n<p>BRAVASUN makes every effort to ensure that the information published on the Site is accurate and up-to-date. However, BRAVASUN cannot be held responsible for any errors or omissions:<\/p>\n\n\n\n<ul class=\"wp-block-list\">\n<li>errors, omissions or inaccuracies ;<\/li>\n\n\n\n<li>temporary or permanent unavailability of the Site; ;<\/li>\n\n\n\n<li>for any direct or indirect damage resulting from access to or use of the Site.<\/li>\n<\/ul>\n\n\n\n<p>BRAVASUN has no control over these sites and declines all responsibility for their content.<\/p>\n\n\n\n<div style=\"height:50px\" aria-hidden=\"true\" class=\"wp-block-spacer\"><\/div>\n\n\n\n<h2 class=\"wp-block-heading\"><strong>Personal data protection<\/strong><\/h2>\n\n\n\n<p>The processing of your personal data is governed by our <strong>Privacy policy<\/strong>, available at the following address<br><a href=\"https:\/\/bravasun.com\/en\/Charte-du-respect-de-la-vie-priv%C3%A9e\/\">https:\/\/www.bravasun.com\/confidentialite-et-cookies<\/a><\/p>\n\n\n\n<p>This treatment complies with <strong>Regulation (EU) 2016\/679 of April 27, 2016<\/strong> (RGPD) as well as the <strong>Data Protection Act<\/strong> modified.<\/p>\n\n\n\n<p>In particular, you have the right to access, rectify, oppose, delete and port your data. To exercise your rights, please contact us at : <strong><a>contact@bravasun.com<\/a><\/strong><\/p>\n\n\n\n<div style=\"height:50px\" aria-hidden=\"true\" class=\"wp-block-spacer\"><\/div>\n\n\n\n<h2 class=\"wp-block-heading\"><strong>Applicable law<\/strong><\/h2>\n\n\n\n<p>This legal notice is governed by French law.<br>In the event of a dispute, and failing amicable resolution, the French courts shall have sole jurisdiction.<\/p>","protected":false},"excerpt":{"rendered":"<p>Conform\u00e9ment aux dispositions de la Loi n\u00b0 2004-575 du 21 juin 2004 pour la confiance dans l\u2019\u00e9conomie num\u00e9rique, il est port\u00e9 \u00e0 la connaissance des utilisateurs du site www.bravasun.com l\u2019identit\u00e9 des diff\u00e9rents intervenants dans le cadre de sa r\u00e9alisation et de son suivi. \u00c9dition du site Le site www.bravasun.com (ci-apr\u00e8s \u00ab le Site \u00bb) est [&hellip;]<\/p>","protected":false},"author":1,"featured_media":0,"parent":0,"menu_order":0,"comment_status":"closed","ping_status":"closed","template":"","meta":{"_acf_changed":false,"footnotes":""},"class_list":["post-539","page","type-page","status-publish","hentry"],"acf":[],"yoast_head":"<!-- This site is optimized with the Yoast SEO plugin v26.6 - https:\/\/yoast.com\/wordpress\/plugins\/seo\/ -->\n<title>Mentions l\u00e9gales &#8211; Bravasun<\/title>\n<meta name=\"description\" content=\"Consultez les mentions l\u00e9gales du site BRAVASUN, \u00e9diteur, h\u00e9bergement, responsabilit\u00e9s et informations l\u00e9gales obligatoires.\" \/>\n<meta name=\"robots\" content=\"index, follow, max-snippet:-1, max-image-preview:large, max-video-preview:-1\" \/>\n<link rel=\"canonical\" href=\"https:\/\/bravasun.com\/en\/legal-notice\/\" \/>\n<meta property=\"og:locale\" content=\"en_US\" \/>\n<meta property=\"og:type\" content=\"article\" \/>\n<meta property=\"og:title\" content=\"Mentions l\u00e9gales &#8211; Bravasun\" \/>\n<meta property=\"og:description\" content=\"Consultez les mentions l\u00e9gales du site BRAVASUN, \u00e9diteur, h\u00e9bergement, responsabilit\u00e9s et informations l\u00e9gales obligatoires.\" \/>\n<meta property=\"og:url\" content=\"https:\/\/bravasun.com\/en\/legal-notice\/\" \/>\n<meta property=\"og:site_name\" content=\"Bravasun\" \/>\n<meta property=\"article:publisher\" content=\"https:\/\/www.facebook.com\/people\/Bravasun\/100088618969920\/\" \/>\n<meta property=\"article:modified_time\" content=\"2025-12-13T16:00:45+00:00\" \/>\n<meta name=\"twitter:card\" content=\"summary_large_image\" \/>\n<meta name=\"twitter:label1\" content=\"Est. reading time\" \/>\n\t<meta name=\"twitter:data1\" content=\"3 minutes\" \/>\n<script type=\"application\/ld+json\" class=\"yoast-schema-graph\">{\"@context\":\"https:\/\/schema.org\",\"@graph\":[{\"@type\":\"WebPage\",\"@id\":\"https:\/\/bravasun.com\/mentions-legales\/\",\"url\":\"https:\/\/bravasun.com\/mentions-legales\/\",\"name\":\"Mentions l\u00e9gales &#8211; Bravasun\",\"isPartOf\":{\"@id\":\"https:\/\/bravasun.com\/#website\"},\"datePublished\":\"2025-12-03T01:21:23+00:00\",\"dateModified\":\"2025-12-13T16:00:45+00:00\",\"description\":\"Consultez les mentions l\u00e9gales du site BRAVASUN, \u00e9diteur, h\u00e9bergement, responsabilit\u00e9s et informations l\u00e9gales obligatoires.\",\"breadcrumb\":{\"@id\":\"https:\/\/bravasun.com\/mentions-legales\/#breadcrumb\"},\"inLanguage\":\"en-US\",\"potentialAction\":[{\"@type\":\"ReadAction\",\"target\":[\"https:\/\/bravasun.com\/mentions-legales\/\"]}]},{\"@type\":\"BreadcrumbList\",\"@id\":\"https:\/\/bravasun.com\/mentions-legales\/#breadcrumb\",\"itemListElement\":[{\"@type\":\"ListItem\",\"position\":1,\"name\":\"Accueil\",\"item\":\"https:\/\/bravasun.com\/fr\/\"},{\"@type\":\"ListItem\",\"position\":2,\"name\":\"Mentions l\u00e9gales\"}]},{\"@type\":\"WebSite\",\"@id\":\"https:\/\/bravasun.com\/#website\",\"url\":\"https:\/\/bravasun.com\/\",\"name\":\"Bravasun\",\"description\":\"Imaginer des exp\u00e9riences d\u2019exception en Espagne\",\"publisher\":{\"@id\":\"https:\/\/bravasun.com\/#organization\"},\"potentialAction\":[{\"@type\":\"SearchAction\",\"target\":{\"@type\":\"EntryPoint\",\"urlTemplate\":\"https:\/\/bravasun.com\/?s={search_term_string}\"},\"query-input\":{\"@type\":\"PropertyValueSpecification\",\"valueRequired\":true,\"valueName\":\"search_term_string\"}}],\"inLanguage\":\"en-US\"},{\"@type\":\"Organization\",\"@id\":\"https:\/\/bravasun.com\/#organization\",\"name\":\"Bravasun\",\"url\":\"https:\/\/bravasun.com\/\",\"logo\":{\"@type\":\"ImageObject\",\"inLanguage\":\"en-US\",\"@id\":\"https:\/\/bravasun.com\/#\/schema\/logo\/image\/\",\"url\":\"https:\/\/bravasun.com\/wp-content\/uploads\/2025\/12\/BRAVASUN-logo_dark_horizontal-512px.png\",\"contentUrl\":\"https:\/\/bravasun.com\/wp-content\/uploads\/2025\/12\/BRAVASUN-logo_dark_horizontal-512px.png\",\"width\":512,\"height\":118,\"caption\":\"Bravasun\"},\"image\":{\"@id\":\"https:\/\/bravasun.com\/#\/schema\/logo\/image\/\"},\"sameAs\":[\"https:\/\/www.facebook.com\/people\/Bravasun\/100088618969920\/\",\"https:\/\/www.instagram.com\/bravasun\/\"]}]}<\/script>\n<!-- \/ Yoast SEO plugin. -->","yoast_head_json":{"title":"Legal information - Bravasun","description":"Consult the BRAVASUN website legal notice, publisher, hosting, responsibilities and mandatory legal information.","robots":{"index":"index","follow":"follow","max-snippet":"max-snippet:-1","max-image-preview":"max-image-preview:large","max-video-preview":"max-video-preview:-1"},"canonical":"https:\/\/bravasun.com\/en\/legal-notice\/","og_locale":"en_US","og_type":"article","og_title":"Mentions l\u00e9gales &#8211; Bravasun","og_description":"Consultez les mentions l\u00e9gales du site BRAVASUN, \u00e9diteur, h\u00e9bergement, responsabilit\u00e9s et informations l\u00e9gales obligatoires.","og_url":"https:\/\/bravasun.com\/en\/legal-notice\/","og_site_name":"Bravasun","article_publisher":"https:\/\/www.facebook.com\/people\/Bravasun\/100088618969920\/","article_modified_time":"2025-12-13T16:00:45+00:00","twitter_card":"summary_large_image","twitter_misc":{"Est. reading time":"3 minutes"},"schema":{"@context":"https:\/\/schema.org","@graph":[{"@type":"WebPage","@id":"https:\/\/bravasun.com\/mentions-legales\/","url":"https:\/\/bravasun.com\/mentions-legales\/","name":"Legal information - Bravasun","isPartOf":{"@id":"https:\/\/bravasun.com\/#website"},"datePublished":"2025-12-03T01:21:23+00:00","dateModified":"2025-12-13T16:00:45+00:00","description":"Consult the BRAVASUN website legal notice, publisher, hosting, responsibilities and mandatory legal information.","breadcrumb":{"@id":"https:\/\/bravasun.com\/mentions-legales\/#breadcrumb"},"inLanguage":"en-US","potentialAction":[{"@type":"ReadAction","target":["https:\/\/bravasun.com\/mentions-legales\/"]}]},{"@type":"BreadcrumbList","@id":"https:\/\/bravasun.com\/mentions-legales\/#breadcrumb","itemListElement":[{"@type":"ListItem","position":1,"name":"Accueil","item":"https:\/\/bravasun.com\/fr\/"},{"@type":"ListItem","position":2,"name":"Mentions l\u00e9gales"}]},{"@type":"WebSite","@id":"https:\/\/bravasun.com\/#website","url":"https:\/\/bravasun.com\/","name":"Bravasun","description":"Imagine exceptional experiences in Spain","publisher":{"@id":"https:\/\/bravasun.com\/#organization"},"potentialAction":[{"@type":"SearchAction","target":{"@type":"EntryPoint","urlTemplate":"https:\/\/bravasun.com\/?s={search_term_string}"},"query-input":{"@type":"PropertyValueSpecification","valueRequired":true,"valueName":"search_term_string"}}],"inLanguage":"en-US"},{"@type":"Organization","@id":"https:\/\/bravasun.com\/#organization","name":"Bravasun","url":"https:\/\/bravasun.com\/","logo":{"@type":"ImageObject","inLanguage":"en-US","@id":"https:\/\/bravasun.com\/#\/schema\/logo\/image\/","url":"https:\/\/bravasun.com\/wp-content\/uploads\/2025\/12\/BRAVASUN-logo_dark_horizontal-512px.png","contentUrl":"https:\/\/bravasun.com\/wp-content\/uploads\/2025\/12\/BRAVASUN-logo_dark_horizontal-512px.png","width":512,"height":118,"caption":"Bravasun"},"image":{"@id":"https:\/\/bravasun.com\/#\/schema\/logo\/image\/"},"sameAs":["https:\/\/www.facebook.com\/people\/Bravasun\/100088618969920\/","https:\/\/www.instagram.com\/bravasun\/"]}]}},"_links":{"self":[{"href":"https:\/\/bravasun.com\/en\/wp-json\/wp\/v2\/pages\/539","targetHints":{"allow":["GET"]}}],"collection":[{"href":"https:\/\/bravasun.com\/en\/wp-json\/wp\/v2\/pages"}],"about":[{"href":"https:\/\/bravasun.com\/en\/wp-json\/wp\/v2\/types\/page"}],"author":[{"embeddable":true,"href":"https:\/\/bravasun.com\/en\/wp-json\/wp\/v2\/users\/1"}],"replies":[{"embeddable":true,"href":"https:\/\/bravasun.com\/en\/wp-json\/wp\/v2\/comments?post=539"}],"version-history":[{"count":7,"href":"https:\/\/bravasun.com\/en\/wp-json\/wp\/v2\/pages\/539\/revisions"}],"predecessor-version":[{"id":1030,"href":"https:\/\/bravasun.com\/en\/wp-json\/wp\/v2\/pages\/539\/revisions\/1030"}],"wp:attachment":[{"href":"https:\/\/bravasun.com\/en\/wp-json\/wp\/v2\/media?parent=539"}],"curies":[{"name":"wp","href":"https:\/\/api.w.org\/{rel}","templated":true}]}}