{"id":1109,"date":"2025-12-13T16:15:40","date_gmt":"2025-12-13T15:15:40","guid":{"rendered":"https:\/\/staging.bravasun.com\/?page_id=1109"},"modified":"2025-12-13T17:08:57","modified_gmt":"2025-12-13T16:08:57","slug":"nuestras-ofertas","status":"publish","type":"page","link":"https:\/\/bravasun.com\/es\/nuestras-ofertas\/","title":{"rendered":"Nuestras ofertas"},"content":{"rendered":"","protected":false},"excerpt":{"rendered":"","protected":false},"author":1,"featured_media":0,"parent":0,"menu_order":0,"comment_status":"closed","ping_status":"closed","template":"","meta":{"_acf_changed":false,"footnotes":""},"class_list":["post-1109","page","type-page","status-publish","hentry"],"acf":[],"yoast_head":"<!-- This site is optimized with the Yoast SEO plugin v26.6 - https:\/\/yoast.com\/wordpress\/plugins\/seo\/ -->\n<title>Nos offres &#8211; Bravasun<\/title>\n<meta name=\"description\" content=\"D\u00e9couvrez l\u2019ensemble des offres BRAVASUN : \u00e9v\u00e9nements professionnels, voyages exclusifs et exp\u00e9riences bien-\u00eatre en Espagne, con\u00e7us sur mesure.\" \/>\n<meta name=\"robots\" content=\"index, follow, max-snippet:-1, max-image-preview:large, max-video-preview:-1\" \/>\n<link rel=\"canonical\" href=\"https:\/\/bravasun.com\/es\/nuestras-ofertas\/\" \/>\n<meta property=\"og:locale\" content=\"es_ES\" \/>\n<meta property=\"og:type\" content=\"article\" \/>\n<meta property=\"og:title\" content=\"Nos offres &#8211; Bravasun\" \/>\n<meta property=\"og:description\" content=\"D\u00e9couvrez l\u2019ensemble des offres BRAVASUN : \u00e9v\u00e9nements professionnels, voyages exclusifs et exp\u00e9riences bien-\u00eatre en Espagne, con\u00e7us sur mesure.\" \/>\n<meta property=\"og:url\" content=\"https:\/\/bravasun.com\/es\/nuestras-ofertas\/\" \/>\n<meta property=\"og:site_name\" content=\"Bravasun\" \/>\n<meta property=\"article:publisher\" content=\"https:\/\/www.facebook.com\/people\/Bravasun\/100088618969920\/\" \/>\n<meta property=\"article:modified_time\" content=\"2025-12-13T16:08:57+00:00\" \/>\n<meta name=\"twitter:card\" content=\"summary_large_image\" \/>\n<meta name=\"twitter:label1\" content=\"Tiempo de lectura\" \/>\n\t<meta name=\"twitter:data1\" content=\"3 minutos\" \/>\n<script type=\"application\/ld+json\" class=\"yoast-schema-graph\">{\"@context\":\"https:\/\/schema.org\",\"@graph\":[{\"@type\":\"WebPage\",\"@id\":\"https:\/\/bravasun.com\/nos-offres\/\",\"url\":\"https:\/\/bravasun.com\/nos-offres\/\",\"name\":\"Nos offres &#8211; Bravasun\",\"isPartOf\":{\"@id\":\"https:\/\/bravasun.com\/#website\"},\"datePublished\":\"2025-12-13T15:15:40+00:00\",\"dateModified\":\"2025-12-13T16:08:57+00:00\",\"description\":\"D\u00e9couvrez l\u2019ensemble des offres BRAVASUN : \u00e9v\u00e9nements professionnels, voyages exclusifs et exp\u00e9riences bien-\u00eatre en Espagne, con\u00e7us sur mesure.\",\"breadcrumb\":{\"@id\":\"https:\/\/bravasun.com\/nos-offres\/#breadcrumb\"},\"inLanguage\":\"es\",\"potentialAction\":[{\"@type\":\"ReadAction\",\"target\":[\"https:\/\/bravasun.com\/nos-offres\/\"]}]},{\"@type\":\"BreadcrumbList\",\"@id\":\"https:\/\/bravasun.com\/nos-offres\/#breadcrumb\",\"itemListElement\":[{\"@type\":\"ListItem\",\"position\":1,\"name\":\"Accueil\",\"item\":\"https:\/\/bravasun.com\/fr\/\"},{\"@type\":\"ListItem\",\"position\":2,\"name\":\"Nos offres\"}]},{\"@type\":\"WebSite\",\"@id\":\"https:\/\/bravasun.com\/#website\",\"url\":\"https:\/\/bravasun.com\/\",\"name\":\"Bravasun\",\"description\":\"Imaginer des exp\u00e9riences d\u2019exception en Espagne\",\"publisher\":{\"@id\":\"https:\/\/bravasun.com\/#organization\"},\"potentialAction\":[{\"@type\":\"SearchAction\",\"target\":{\"@type\":\"EntryPoint\",\"urlTemplate\":\"https:\/\/bravasun.com\/?s={search_term_string}\"},\"query-input\":{\"@type\":\"PropertyValueSpecification\",\"valueRequired\":true,\"valueName\":\"search_term_string\"}}],\"inLanguage\":\"es\"},{\"@type\":\"Organization\",\"@id\":\"https:\/\/bravasun.com\/#organization\",\"name\":\"Bravasun\",\"url\":\"https:\/\/bravasun.com\/\",\"logo\":{\"@type\":\"ImageObject\",\"inLanguage\":\"es\",\"@id\":\"https:\/\/bravasun.com\/#\/schema\/logo\/image\/\",\"url\":\"https:\/\/bravasun.com\/wp-content\/uploads\/2025\/12\/BRAVASUN-logo_dark_horizontal-512px.png\",\"contentUrl\":\"https:\/\/bravasun.com\/wp-content\/uploads\/2025\/12\/BRAVASUN-logo_dark_horizontal-512px.png\",\"width\":512,\"height\":118,\"caption\":\"Bravasun\"},\"image\":{\"@id\":\"https:\/\/bravasun.com\/#\/schema\/logo\/image\/\"},\"sameAs\":[\"https:\/\/www.facebook.com\/people\/Bravasun\/100088618969920\/\",\"https:\/\/www.instagram.com\/bravasun\/\"]}]}<\/script>\n<!-- \/ Yoast SEO plugin. -->","yoast_head_json":{"title":"Nuestras ofertas - Bravasun","description":"Descubra todas las ofertas BRAVASUN: eventos de empresa a medida, viajes exclusivos y experiencias de bienestar en Espa\u00f1a.","robots":{"index":"index","follow":"follow","max-snippet":"max-snippet:-1","max-image-preview":"max-image-preview:large","max-video-preview":"max-video-preview:-1"},"canonical":"https:\/\/bravasun.com\/es\/nuestras-ofertas\/","og_locale":"es_ES","og_type":"article","og_title":"Nos offres &#8211; Bravasun","og_description":"D\u00e9couvrez l\u2019ensemble des offres BRAVASUN : \u00e9v\u00e9nements professionnels, voyages exclusifs et exp\u00e9riences bien-\u00eatre en Espagne, con\u00e7us sur mesure.","og_url":"https:\/\/bravasun.com\/es\/nuestras-ofertas\/","og_site_name":"Bravasun","article_publisher":"https:\/\/www.facebook.com\/people\/Bravasun\/100088618969920\/","article_modified_time":"2025-12-13T16:08:57+00:00","twitter_card":"summary_large_image","twitter_misc":{"Tiempo de lectura":"3 minutos"},"schema":{"@context":"https:\/\/schema.org","@graph":[{"@type":"WebPage","@id":"https:\/\/bravasun.com\/nos-offres\/","url":"https:\/\/bravasun.com\/nos-offres\/","name":"Nuestras ofertas - Bravasun","isPartOf":{"@id":"https:\/\/bravasun.com\/#website"},"datePublished":"2025-12-13T15:15:40+00:00","dateModified":"2025-12-13T16:08:57+00:00","description":"Descubra todas las ofertas BRAVASUN: eventos de empresa a medida, viajes exclusivos y experiencias de bienestar en Espa\u00f1a.","breadcrumb":{"@id":"https:\/\/bravasun.com\/nos-offres\/#breadcrumb"},"inLanguage":"es","potentialAction":[{"@type":"ReadAction","target":["https:\/\/bravasun.com\/nos-offres\/"]}]},{"@type":"BreadcrumbList","@id":"https:\/\/bravasun.com\/nos-offres\/#breadcrumb","itemListElement":[{"@type":"ListItem","position":1,"name":"Accueil","item":"https:\/\/bravasun.com\/fr\/"},{"@type":"ListItem","position":2,"name":"Nos offres"}]},{"@type":"WebSite","@id":"https:\/\/bravasun.com\/#website","url":"https:\/\/bravasun.com\/","name":"Bravasun","description":"Imaginar experiencias excepcionales en Espa\u00f1a","publisher":{"@id":"https:\/\/bravasun.com\/#organization"},"potentialAction":[{"@type":"SearchAction","target":{"@type":"EntryPoint","urlTemplate":"https:\/\/bravasun.com\/?s={search_term_string}"},"query-input":{"@type":"PropertyValueSpecification","valueRequired":true,"valueName":"search_term_string"}}],"inLanguage":"es"},{"@type":"Organization","@id":"https:\/\/bravasun.com\/#organization","name":"Bravasun","url":"https:\/\/bravasun.com\/","logo":{"@type":"ImageObject","inLanguage":"es","@id":"https:\/\/bravasun.com\/#\/schema\/logo\/image\/","url":"https:\/\/bravasun.com\/wp-content\/uploads\/2025\/12\/BRAVASUN-logo_dark_horizontal-512px.png","contentUrl":"https:\/\/bravasun.com\/wp-content\/uploads\/2025\/12\/BRAVASUN-logo_dark_horizontal-512px.png","width":512,"height":118,"caption":"Bravasun"},"image":{"@id":"https:\/\/bravasun.com\/#\/schema\/logo\/image\/"},"sameAs":["https:\/\/www.facebook.com\/people\/Bravasun\/100088618969920\/","https:\/\/www.instagram.com\/bravasun\/"]}]}},"_links":{"self":[{"href":"https:\/\/bravasun.com\/es\/wp-json\/wp\/v2\/pages\/1109","targetHints":{"allow":["GET"]}}],"collection":[{"href":"https:\/\/bravasun.com\/es\/wp-json\/wp\/v2\/pages"}],"about":[{"href":"https:\/\/bravasun.com\/es\/wp-json\/wp\/v2\/types\/page"}],"author":[{"embeddable":true,"href":"https:\/\/bravasun.com\/es\/wp-json\/wp\/v2\/users\/1"}],"replies":[{"embeddable":true,"href":"https:\/\/bravasun.com\/es\/wp-json\/wp\/v2\/comments?post=1109"}],"version-history":[{"count":15,"href":"https:\/\/bravasun.com\/es\/wp-json\/wp\/v2\/pages\/1109\/revisions"}],"predecessor-version":[{"id":1163,"href":"https:\/\/bravasun.com\/es\/wp-json\/wp\/v2\/pages\/1109\/revisions\/1163"}],"wp:attachment":[{"href":"https:\/\/bravasun.com\/es\/wp-json\/wp\/v2\/media?parent=1109"}],"curies":[{"name":"wp","href":"https:\/\/api.w.org\/{rel}","templated":true}]}}