{"id":419,"date":"2025-12-01T01:01:51","date_gmt":"2025-12-01T00:01:51","guid":{"rendered":"https:\/\/staging.bravasun.com\/?page_id=419"},"modified":"2025-12-16T14:10:47","modified_gmt":"2025-12-16T13:10:47","slug":"bienestar-en-la-jubilacion","status":"publish","type":"page","link":"https:\/\/bravasun.com\/es\/viajes-privados\/bienestar-en-la-jubilacion\/","title":{"rendered":"Retiro de bienestar"},"content":{"rendered":"","protected":false},"excerpt":{"rendered":"","protected":false},"author":1,"featured_media":0,"parent":531,"menu_order":0,"comment_status":"closed","ping_status":"closed","template":"","meta":{"_acf_changed":false,"footnotes":""},"class_list":["post-419","page","type-page","status-publish","hentry"],"acf":[],"yoast_head":"<!-- This site is optimized with the Yoast SEO plugin v26.6 - https:\/\/yoast.com\/wordpress\/plugins\/seo\/ -->\n<title>Retraite bien-\u00eatre &#8211; Bravasun<\/title>\n<meta name=\"description\" content=\"Offrez-vous une retraite bien-\u00eatre en Espagne avec BRAVASUN : lieux confidentiels, pratiques holistiques et exp\u00e9rience haut de gamme.\" \/>\n<meta name=\"robots\" content=\"index, follow, max-snippet:-1, max-image-preview:large, max-video-preview:-1\" \/>\n<link rel=\"canonical\" href=\"https:\/\/bravasun.com\/es\/viajes-privados\/bienestar-en-la-jubilacion\/\" \/>\n<meta property=\"og:locale\" content=\"es_ES\" \/>\n<meta property=\"og:type\" content=\"article\" \/>\n<meta property=\"og:title\" content=\"Retraite bien-\u00eatre &#8211; Bravasun\" \/>\n<meta property=\"og:description\" content=\"Offrez-vous une retraite bien-\u00eatre en Espagne avec BRAVASUN : lieux confidentiels, pratiques holistiques et exp\u00e9rience haut de gamme.\" \/>\n<meta property=\"og:url\" content=\"https:\/\/bravasun.com\/es\/viajes-privados\/bienestar-en-la-jubilacion\/\" \/>\n<meta property=\"og:site_name\" content=\"Bravasun\" \/>\n<meta property=\"article:publisher\" content=\"https:\/\/www.facebook.com\/people\/Bravasun\/100088618969920\/\" \/>\n<meta property=\"article:modified_time\" content=\"2025-12-16T13:10:47+00:00\" \/>\n<meta name=\"twitter:card\" content=\"summary_large_image\" \/>\n<meta name=\"twitter:label1\" content=\"Tiempo de lectura\" \/>\n\t<meta name=\"twitter:data1\" content=\"3 minutos\" \/>\n<script type=\"application\/ld+json\" class=\"yoast-schema-graph\">{\"@context\":\"https:\/\/schema.org\",\"@graph\":[{\"@type\":\"WebPage\",\"@id\":\"https:\/\/bravasun.com\/voyages-prives\/retraite-bien-etre\/\",\"url\":\"https:\/\/bravasun.com\/voyages-prives\/retraite-bien-etre\/\",\"name\":\"Retraite bien-\u00eatre &#8211; Bravasun\",\"isPartOf\":{\"@id\":\"https:\/\/bravasun.com\/#website\"},\"datePublished\":\"2025-12-01T00:01:51+00:00\",\"dateModified\":\"2025-12-16T13:10:47+00:00\",\"description\":\"Offrez-vous une retraite bien-\u00eatre en Espagne avec BRAVASUN : lieux confidentiels, pratiques holistiques et exp\u00e9rience haut de gamme.\",\"breadcrumb\":{\"@id\":\"https:\/\/bravasun.com\/voyages-prives\/retraite-bien-etre\/#breadcrumb\"},\"inLanguage\":\"es\",\"potentialAction\":[{\"@type\":\"ReadAction\",\"target\":[\"https:\/\/bravasun.com\/voyages-prives\/retraite-bien-etre\/\"]}]},{\"@type\":\"BreadcrumbList\",\"@id\":\"https:\/\/bravasun.com\/voyages-prives\/retraite-bien-etre\/#breadcrumb\",\"itemListElement\":[{\"@type\":\"ListItem\",\"position\":1,\"name\":\"Accueil\",\"item\":\"https:\/\/bravasun.com\/fr\/\"},{\"@type\":\"ListItem\",\"position\":2,\"name\":\"Voyages Exclusifs &amp; Bien-\u00catre\",\"item\":\"https:\/\/bravasun.com\/voyages-prives\/\"},{\"@type\":\"ListItem\",\"position\":3,\"name\":\"Retraite bien-\u00eatre\"}]},{\"@type\":\"WebSite\",\"@id\":\"https:\/\/bravasun.com\/#website\",\"url\":\"https:\/\/bravasun.com\/\",\"name\":\"Bravasun\",\"description\":\"Imaginer des exp\u00e9riences d\u2019exception en Espagne\",\"publisher\":{\"@id\":\"https:\/\/bravasun.com\/#organization\"},\"potentialAction\":[{\"@type\":\"SearchAction\",\"target\":{\"@type\":\"EntryPoint\",\"urlTemplate\":\"https:\/\/bravasun.com\/?s={search_term_string}\"},\"query-input\":{\"@type\":\"PropertyValueSpecification\",\"valueRequired\":true,\"valueName\":\"search_term_string\"}}],\"inLanguage\":\"es\"},{\"@type\":\"Organization\",\"@id\":\"https:\/\/bravasun.com\/#organization\",\"name\":\"Bravasun\",\"url\":\"https:\/\/bravasun.com\/\",\"logo\":{\"@type\":\"ImageObject\",\"inLanguage\":\"es\",\"@id\":\"https:\/\/bravasun.com\/#\/schema\/logo\/image\/\",\"url\":\"https:\/\/bravasun.com\/wp-content\/uploads\/2025\/12\/BRAVASUN-logo_dark_horizontal-512px.png\",\"contentUrl\":\"https:\/\/bravasun.com\/wp-content\/uploads\/2025\/12\/BRAVASUN-logo_dark_horizontal-512px.png\",\"width\":512,\"height\":118,\"caption\":\"Bravasun\"},\"image\":{\"@id\":\"https:\/\/bravasun.com\/#\/schema\/logo\/image\/\"},\"sameAs\":[\"https:\/\/www.facebook.com\/people\/Bravasun\/100088618969920\/\",\"https:\/\/www.instagram.com\/bravasun\/\"]}]}<\/script>\n<!-- \/ Yoast SEO plugin. -->","yoast_head_json":{"title":"Retiro de bienestar - Bravasun","description":"Reg\u00e1lese un retiro de bienestar en Espa\u00f1a con BRAVASUN: lugares confidenciales, pr\u00e1cticas hol\u00edsticas y una experiencia de alta gama.","robots":{"index":"index","follow":"follow","max-snippet":"max-snippet:-1","max-image-preview":"max-image-preview:large","max-video-preview":"max-video-preview:-1"},"canonical":"https:\/\/bravasun.com\/es\/viajes-privados\/bienestar-en-la-jubilacion\/","og_locale":"es_ES","og_type":"article","og_title":"Retraite bien-\u00eatre &#8211; Bravasun","og_description":"Offrez-vous une retraite bien-\u00eatre en Espagne avec BRAVASUN : lieux confidentiels, pratiques holistiques et exp\u00e9rience haut de gamme.","og_url":"https:\/\/bravasun.com\/es\/viajes-privados\/bienestar-en-la-jubilacion\/","og_site_name":"Bravasun","article_publisher":"https:\/\/www.facebook.com\/people\/Bravasun\/100088618969920\/","article_modified_time":"2025-12-16T13:10:47+00:00","twitter_card":"summary_large_image","twitter_misc":{"Tiempo de lectura":"3 minutos"},"schema":{"@context":"https:\/\/schema.org","@graph":[{"@type":"WebPage","@id":"https:\/\/bravasun.com\/voyages-prives\/retraite-bien-etre\/","url":"https:\/\/bravasun.com\/voyages-prives\/retraite-bien-etre\/","name":"Retiro de bienestar - Bravasun","isPartOf":{"@id":"https:\/\/bravasun.com\/#website"},"datePublished":"2025-12-01T00:01:51+00:00","dateModified":"2025-12-16T13:10:47+00:00","description":"Reg\u00e1lese un retiro de bienestar en Espa\u00f1a con BRAVASUN: lugares confidenciales, pr\u00e1cticas hol\u00edsticas y una experiencia de alta gama.","breadcrumb":{"@id":"https:\/\/bravasun.com\/voyages-prives\/retraite-bien-etre\/#breadcrumb"},"inLanguage":"es","potentialAction":[{"@type":"ReadAction","target":["https:\/\/bravasun.com\/voyages-prives\/retraite-bien-etre\/"]}]},{"@type":"BreadcrumbList","@id":"https:\/\/bravasun.com\/voyages-prives\/retraite-bien-etre\/#breadcrumb","itemListElement":[{"@type":"ListItem","position":1,"name":"Accueil","item":"https:\/\/bravasun.com\/fr\/"},{"@type":"ListItem","position":2,"name":"Voyages Exclusifs &amp; Bien-\u00catre","item":"https:\/\/bravasun.com\/voyages-prives\/"},{"@type":"ListItem","position":3,"name":"Retraite bien-\u00eatre"}]},{"@type":"WebSite","@id":"https:\/\/bravasun.com\/#website","url":"https:\/\/bravasun.com\/","name":"Bravasun","description":"Imaginar experiencias excepcionales en Espa\u00f1a","publisher":{"@id":"https:\/\/bravasun.com\/#organization"},"potentialAction":[{"@type":"SearchAction","target":{"@type":"EntryPoint","urlTemplate":"https:\/\/bravasun.com\/?s={search_term_string}"},"query-input":{"@type":"PropertyValueSpecification","valueRequired":true,"valueName":"search_term_string"}}],"inLanguage":"es"},{"@type":"Organization","@id":"https:\/\/bravasun.com\/#organization","name":"Bravasun","url":"https:\/\/bravasun.com\/","logo":{"@type":"ImageObject","inLanguage":"es","@id":"https:\/\/bravasun.com\/#\/schema\/logo\/image\/","url":"https:\/\/bravasun.com\/wp-content\/uploads\/2025\/12\/BRAVASUN-logo_dark_horizontal-512px.png","contentUrl":"https:\/\/bravasun.com\/wp-content\/uploads\/2025\/12\/BRAVASUN-logo_dark_horizontal-512px.png","width":512,"height":118,"caption":"Bravasun"},"image":{"@id":"https:\/\/bravasun.com\/#\/schema\/logo\/image\/"},"sameAs":["https:\/\/www.facebook.com\/people\/Bravasun\/100088618969920\/","https:\/\/www.instagram.com\/bravasun\/"]}]}},"_links":{"self":[{"href":"https:\/\/bravasun.com\/es\/wp-json\/wp\/v2\/pages\/419","targetHints":{"allow":["GET"]}}],"collection":[{"href":"https:\/\/bravasun.com\/es\/wp-json\/wp\/v2\/pages"}],"about":[{"href":"https:\/\/bravasun.com\/es\/wp-json\/wp\/v2\/types\/page"}],"author":[{"embeddable":true,"href":"https:\/\/bravasun.com\/es\/wp-json\/wp\/v2\/users\/1"}],"replies":[{"embeddable":true,"href":"https:\/\/bravasun.com\/es\/wp-json\/wp\/v2\/comments?post=419"}],"version-history":[{"count":51,"href":"https:\/\/bravasun.com\/es\/wp-json\/wp\/v2\/pages\/419\/revisions"}],"predecessor-version":[{"id":1399,"href":"https:\/\/bravasun.com\/es\/wp-json\/wp\/v2\/pages\/419\/revisions\/1399"}],"up":[{"embeddable":true,"href":"https:\/\/bravasun.com\/es\/wp-json\/wp\/v2\/pages\/531"}],"wp:attachment":[{"href":"https:\/\/bravasun.com\/es\/wp-json\/wp\/v2\/media?parent=419"}],"curies":[{"name":"wp","href":"https:\/\/api.w.org\/{rel}","templated":true}]}}