{"id":539,"date":"2025-12-03T02:21:23","date_gmt":"2025-12-03T01:21:23","guid":{"rendered":"https:\/\/staging.bravasun.com\/?page_id=539"},"modified":"2025-12-13T17:00:45","modified_gmt":"2025-12-13T16:00:45","slug":"informacion-legal","status":"publish","type":"page","link":"https:\/\/bravasun.com\/es\/informacion-legal\/","title":{"rendered":"Informaci\u00f3n jur\u00eddica"},"content":{"rendered":"<p>De conformidad con las disposiciones de la Ley francesa n\u00ba 2004-575 de 21 de junio de 2004 sobre la confianza en la econom\u00eda digital, se informa a los usuarios del sitio web de lo siguiente <strong><a href=\"https:\/\/bravasun.com\/es\/\">www.bravasun.com<\/a><\/strong> la identidad de las distintas partes implicadas en su aplicaci\u00f3n y seguimiento.<\/p>\n\n\n\n<div style=\"height:50px\" aria-hidden=\"true\" class=\"wp-block-spacer\"><\/div>\n\n\n\n<p><strong>Editar el sitio<\/strong><\/p>\n\n\n\n<p>La p\u00e1gina web <strong><a href=\"https:\/\/bravasun.com\/es\/\">www.bravasun.com<\/a><\/strong> (en adelante \u00abel Sitio\u00bb) es publicado por :<\/p>\n\n\n\n<p><strong>BRAVASUN<\/strong>,<br>Empresa con un capital de <strong>2.500 euros<\/strong>,<br>Inscrita en el Registro de Comercio y Sociedades de <strong>Nanterre<\/strong> bajo el n\u00famero <strong>952 024 917<\/strong>,<br>Cuyo domicilio social se encuentra en :<br><strong>144 Avenue Charles de Gaulle, 92200 Neuilly-sur-Seine - Francia<\/strong>,<br>Representado por <strong>Sr. Alberto Noriega<\/strong>, debidamente autorizado.<\/p>\n\n\n\n<p><strong>N\u00daMERO SIRET :<\/strong> 95202491700017<br><strong>N\u00famero de IVA :<\/strong> FR70952024917<\/p>\n\n\n\n<div style=\"height:50px\" aria-hidden=\"true\" class=\"wp-block-spacer\"><\/div>\n\n\n\n<h2 class=\"wp-block-heading\"><strong>Alojamiento<\/strong><\/h2>\n\n\n\n<p>El Sitio est\u00e1 alojado en <strong>NAMECHEAP<\/strong>,<br>4600 East Washington Street, Suite 305,<br>Phoenix, AZ 85034, Estados Unidos.<br>Tel\u00e9fono : <strong>+1 (661) 310-2107<\/strong><br>P\u00e1gina web : <a href=\"https:\/\/www.namecheap.com\">https:\/\/www.namecheap.com<\/a><\/p>\n\n\n\n<div style=\"height:50px\" aria-hidden=\"true\" class=\"wp-block-spacer\"><\/div>\n\n\n\n<h2 class=\"wp-block-heading\"><strong>Gesti\u00f3n de publicaciones<\/strong><\/h2>\n\n\n\n<p>El director de la publicaci\u00f3n es :<br><strong>Sr. Alberto Noriega<\/strong><\/p>\n\n\n\n<div style=\"height:50px\" aria-hidden=\"true\" class=\"wp-block-spacer\"><\/div>\n\n\n\n<h2 class=\"wp-block-heading\"><strong>P\u00f3ngase en contacto con<\/strong><\/h2>\n\n\n\n<p>Si tiene alguna duda, p\u00f3ngase en contacto con BRAVASUN :<\/p>\n\n\n\n<ul class=\"wp-block-list\">\n<li><strong>Tel\u00e9fono :<\/strong> +33 6 19 98 25 68<\/li>\n\n\n\n<li><strong>Correo electr\u00f3nico :<\/strong> <a>contact@bravasun.com<\/a><\/li>\n\n\n\n<li><strong>Direcci\u00f3n postal:<\/strong> BRAVASUN, 144 Avenue Charles de Gaulle, 92200 Neuilly-sur-Seine, Francia<\/li>\n<\/ul>\n\n\n\n<div style=\"height:50px\" aria-hidden=\"true\" class=\"wp-block-spacer\"><\/div>\n\n\n\n<h2 class=\"wp-block-heading\"><strong>Propiedad intelectual<\/strong><\/h2>\n\n\n\n<p>Todos los elementos del Sitio (textos, im\u00e1genes, fotograf\u00edas, v\u00eddeos, logotipos, gr\u00e1ficos, iconos, estructura general, etc.) est\u00e1n protegidos por derechos de autor y son propiedad exclusiva de BRAVASUN o de sus socios.<\/p>\n\n\n\n<p>Queda prohibida cualquier reproducci\u00f3n, representaci\u00f3n, modificaci\u00f3n, adaptaci\u00f3n o utilizaci\u00f3n, total o parcial, del Sitio Web o de cualquiera de sus partes componentes, por cualquier procedimiento, sin el consentimiento previo por escrito de BRAVASUN.<\/p>\n\n\n\n<div style=\"height:50px\" aria-hidden=\"true\" class=\"wp-block-spacer\"><\/div>\n\n\n\n<h2 class=\"wp-block-heading\"><strong>Responsabilidad<\/strong><\/h2>\n\n\n\n<p>BRAVASUN hace todo lo posible para garantizar que la informaci\u00f3n publicada en el Sitio Web sea exacta y est\u00e9 actualizada. Sin embargo, BRAVASUN no se hace responsable de :<\/p>\n\n\n\n<ul class=\"wp-block-list\">\n<li>errores, omisiones o inexactitudes ;<\/li>\n\n\n\n<li>indisponibilidad temporal o permanente del Sitio; ;<\/li>\n\n\n\n<li>cualquier da\u00f1o directo o indirecto resultante del acceso al Sitio o de su utilizaci\u00f3n.<\/li>\n<\/ul>\n\n\n\n<p>Los enlaces de hipertexto pueden conducir a sitios de terceros: BRAVASUN no ejerce ning\u00fan control sobre estos sitios y no se hace responsable de su contenido.<\/p>\n\n\n\n<div style=\"height:50px\" aria-hidden=\"true\" class=\"wp-block-spacer\"><\/div>\n\n\n\n<h2 class=\"wp-block-heading\"><strong>Protecci\u00f3n de datos personales<\/strong><\/h2>\n\n\n\n<p>El tratamiento de sus datos personales se rige por nuestra <strong>Carta de confidencialidad<\/strong>, disponible en la siguiente direcci\u00f3n<br><a href=\"https:\/\/bravasun.com\/es\/Charte-du-respect-de-la-vie-priv%C3%A9e\/\">https:\/\/www.bravasun.com\/confidentialite-et-cookies<\/a><\/p>\n\n\n\n<p>Este tratamiento cumple <strong>Reglamento (UE) 2016\/679 de 27 de abril de 2016<\/strong> (RGPD) y el <strong>Ley de protecci\u00f3n de datos<\/strong> modificado.<\/p>\n\n\n\n<p>En particular, tiene derecho a acceder, rectificar, oponerse, suprimir y portar sus datos. Para ejercer sus derechos, p\u00f3ngase en contacto con nosotros en : <strong><a>contact@bravasun.com<\/a><\/strong><\/p>\n\n\n\n<div style=\"height:50px\" aria-hidden=\"true\" class=\"wp-block-spacer\"><\/div>\n\n\n\n<h2 class=\"wp-block-heading\"><strong>Legislaci\u00f3n aplicable<\/strong><\/h2>\n\n\n\n<p>El presente aviso legal se rige por la legislaci\u00f3n francesa.<br>En caso de litigio, y a falta de una soluci\u00f3n amistosa, los tribunales franceses ser\u00e1n los \u00fanicos competentes.<\/p>","protected":false},"excerpt":{"rendered":"<p>Conform\u00e9ment aux dispositions de la Loi n\u00b0 2004-575 du 21 juin 2004 pour la confiance dans l\u2019\u00e9conomie num\u00e9rique, il est port\u00e9 \u00e0 la connaissance des utilisateurs du site www.bravasun.com l\u2019identit\u00e9 des diff\u00e9rents intervenants dans le cadre de sa r\u00e9alisation et de son suivi. \u00c9dition du site Le site www.bravasun.com (ci-apr\u00e8s \u00ab le Site \u00bb) est [&hellip;]<\/p>","protected":false},"author":1,"featured_media":0,"parent":0,"menu_order":0,"comment_status":"closed","ping_status":"closed","template":"","meta":{"_acf_changed":false,"footnotes":""},"class_list":["post-539","page","type-page","status-publish","hentry"],"acf":[],"yoast_head":"<!-- This site is optimized with the Yoast SEO plugin v26.6 - https:\/\/yoast.com\/wordpress\/plugins\/seo\/ -->\n<title>Mentions l\u00e9gales &#8211; Bravasun<\/title>\n<meta name=\"description\" content=\"Consultez les mentions l\u00e9gales du site BRAVASUN, \u00e9diteur, h\u00e9bergement, responsabilit\u00e9s et informations l\u00e9gales obligatoires.\" \/>\n<meta name=\"robots\" content=\"index, follow, max-snippet:-1, max-image-preview:large, max-video-preview:-1\" \/>\n<link rel=\"canonical\" href=\"https:\/\/bravasun.com\/es\/informacion-legal\/\" \/>\n<meta property=\"og:locale\" content=\"es_ES\" \/>\n<meta property=\"og:type\" content=\"article\" \/>\n<meta property=\"og:title\" content=\"Mentions l\u00e9gales &#8211; Bravasun\" \/>\n<meta property=\"og:description\" content=\"Consultez les mentions l\u00e9gales du site BRAVASUN, \u00e9diteur, h\u00e9bergement, responsabilit\u00e9s et informations l\u00e9gales obligatoires.\" \/>\n<meta property=\"og:url\" content=\"https:\/\/bravasun.com\/es\/informacion-legal\/\" \/>\n<meta property=\"og:site_name\" content=\"Bravasun\" \/>\n<meta property=\"article:publisher\" content=\"https:\/\/www.facebook.com\/people\/Bravasun\/100088618969920\/\" \/>\n<meta property=\"article:modified_time\" content=\"2025-12-13T16:00:45+00:00\" \/>\n<meta name=\"twitter:card\" content=\"summary_large_image\" \/>\n<meta name=\"twitter:label1\" content=\"Tiempo de lectura\" \/>\n\t<meta name=\"twitter:data1\" content=\"3 minutos\" \/>\n<script type=\"application\/ld+json\" class=\"yoast-schema-graph\">{\"@context\":\"https:\/\/schema.org\",\"@graph\":[{\"@type\":\"WebPage\",\"@id\":\"https:\/\/bravasun.com\/mentions-legales\/\",\"url\":\"https:\/\/bravasun.com\/mentions-legales\/\",\"name\":\"Mentions l\u00e9gales &#8211; Bravasun\",\"isPartOf\":{\"@id\":\"https:\/\/bravasun.com\/#website\"},\"datePublished\":\"2025-12-03T01:21:23+00:00\",\"dateModified\":\"2025-12-13T16:00:45+00:00\",\"description\":\"Consultez les mentions l\u00e9gales du site BRAVASUN, \u00e9diteur, h\u00e9bergement, responsabilit\u00e9s et informations l\u00e9gales obligatoires.\",\"breadcrumb\":{\"@id\":\"https:\/\/bravasun.com\/mentions-legales\/#breadcrumb\"},\"inLanguage\":\"es\",\"potentialAction\":[{\"@type\":\"ReadAction\",\"target\":[\"https:\/\/bravasun.com\/mentions-legales\/\"]}]},{\"@type\":\"BreadcrumbList\",\"@id\":\"https:\/\/bravasun.com\/mentions-legales\/#breadcrumb\",\"itemListElement\":[{\"@type\":\"ListItem\",\"position\":1,\"name\":\"Accueil\",\"item\":\"https:\/\/bravasun.com\/fr\/\"},{\"@type\":\"ListItem\",\"position\":2,\"name\":\"Mentions l\u00e9gales\"}]},{\"@type\":\"WebSite\",\"@id\":\"https:\/\/bravasun.com\/#website\",\"url\":\"https:\/\/bravasun.com\/\",\"name\":\"Bravasun\",\"description\":\"Imaginer des exp\u00e9riences d\u2019exception en Espagne\",\"publisher\":{\"@id\":\"https:\/\/bravasun.com\/#organization\"},\"potentialAction\":[{\"@type\":\"SearchAction\",\"target\":{\"@type\":\"EntryPoint\",\"urlTemplate\":\"https:\/\/bravasun.com\/?s={search_term_string}\"},\"query-input\":{\"@type\":\"PropertyValueSpecification\",\"valueRequired\":true,\"valueName\":\"search_term_string\"}}],\"inLanguage\":\"es\"},{\"@type\":\"Organization\",\"@id\":\"https:\/\/bravasun.com\/#organization\",\"name\":\"Bravasun\",\"url\":\"https:\/\/bravasun.com\/\",\"logo\":{\"@type\":\"ImageObject\",\"inLanguage\":\"es\",\"@id\":\"https:\/\/bravasun.com\/#\/schema\/logo\/image\/\",\"url\":\"https:\/\/bravasun.com\/wp-content\/uploads\/2025\/12\/BRAVASUN-logo_dark_horizontal-512px.png\",\"contentUrl\":\"https:\/\/bravasun.com\/wp-content\/uploads\/2025\/12\/BRAVASUN-logo_dark_horizontal-512px.png\",\"width\":512,\"height\":118,\"caption\":\"Bravasun\"},\"image\":{\"@id\":\"https:\/\/bravasun.com\/#\/schema\/logo\/image\/\"},\"sameAs\":[\"https:\/\/www.facebook.com\/people\/Bravasun\/100088618969920\/\",\"https:\/\/www.instagram.com\/bravasun\/\"]}]}<\/script>\n<!-- \/ Yoast SEO plugin. -->","yoast_head_json":{"title":"Informaci\u00f3n legal - Bravasun","description":"Consulte el aviso legal de la p\u00e1gina web de BRAVASUN, editor, alojamiento, responsabilidades e informaci\u00f3n legal obligatoria.","robots":{"index":"index","follow":"follow","max-snippet":"max-snippet:-1","max-image-preview":"max-image-preview:large","max-video-preview":"max-video-preview:-1"},"canonical":"https:\/\/bravasun.com\/es\/informacion-legal\/","og_locale":"es_ES","og_type":"article","og_title":"Mentions l\u00e9gales &#8211; Bravasun","og_description":"Consultez les mentions l\u00e9gales du site BRAVASUN, \u00e9diteur, h\u00e9bergement, responsabilit\u00e9s et informations l\u00e9gales obligatoires.","og_url":"https:\/\/bravasun.com\/es\/informacion-legal\/","og_site_name":"Bravasun","article_publisher":"https:\/\/www.facebook.com\/people\/Bravasun\/100088618969920\/","article_modified_time":"2025-12-13T16:00:45+00:00","twitter_card":"summary_large_image","twitter_misc":{"Tiempo de lectura":"3 minutos"},"schema":{"@context":"https:\/\/schema.org","@graph":[{"@type":"WebPage","@id":"https:\/\/bravasun.com\/mentions-legales\/","url":"https:\/\/bravasun.com\/mentions-legales\/","name":"Informaci\u00f3n legal - Bravasun","isPartOf":{"@id":"https:\/\/bravasun.com\/#website"},"datePublished":"2025-12-03T01:21:23+00:00","dateModified":"2025-12-13T16:00:45+00:00","description":"Consulte el aviso legal de la p\u00e1gina web de BRAVASUN, editor, alojamiento, responsabilidades e informaci\u00f3n legal obligatoria.","breadcrumb":{"@id":"https:\/\/bravasun.com\/mentions-legales\/#breadcrumb"},"inLanguage":"es","potentialAction":[{"@type":"ReadAction","target":["https:\/\/bravasun.com\/mentions-legales\/"]}]},{"@type":"BreadcrumbList","@id":"https:\/\/bravasun.com\/mentions-legales\/#breadcrumb","itemListElement":[{"@type":"ListItem","position":1,"name":"Accueil","item":"https:\/\/bravasun.com\/fr\/"},{"@type":"ListItem","position":2,"name":"Mentions l\u00e9gales"}]},{"@type":"WebSite","@id":"https:\/\/bravasun.com\/#website","url":"https:\/\/bravasun.com\/","name":"Bravasun","description":"Imaginar experiencias excepcionales en Espa\u00f1a","publisher":{"@id":"https:\/\/bravasun.com\/#organization"},"potentialAction":[{"@type":"SearchAction","target":{"@type":"EntryPoint","urlTemplate":"https:\/\/bravasun.com\/?s={search_term_string}"},"query-input":{"@type":"PropertyValueSpecification","valueRequired":true,"valueName":"search_term_string"}}],"inLanguage":"es"},{"@type":"Organization","@id":"https:\/\/bravasun.com\/#organization","name":"Bravasun","url":"https:\/\/bravasun.com\/","logo":{"@type":"ImageObject","inLanguage":"es","@id":"https:\/\/bravasun.com\/#\/schema\/logo\/image\/","url":"https:\/\/bravasun.com\/wp-content\/uploads\/2025\/12\/BRAVASUN-logo_dark_horizontal-512px.png","contentUrl":"https:\/\/bravasun.com\/wp-content\/uploads\/2025\/12\/BRAVASUN-logo_dark_horizontal-512px.png","width":512,"height":118,"caption":"Bravasun"},"image":{"@id":"https:\/\/bravasun.com\/#\/schema\/logo\/image\/"},"sameAs":["https:\/\/www.facebook.com\/people\/Bravasun\/100088618969920\/","https:\/\/www.instagram.com\/bravasun\/"]}]}},"_links":{"self":[{"href":"https:\/\/bravasun.com\/es\/wp-json\/wp\/v2\/pages\/539","targetHints":{"allow":["GET"]}}],"collection":[{"href":"https:\/\/bravasun.com\/es\/wp-json\/wp\/v2\/pages"}],"about":[{"href":"https:\/\/bravasun.com\/es\/wp-json\/wp\/v2\/types\/page"}],"author":[{"embeddable":true,"href":"https:\/\/bravasun.com\/es\/wp-json\/wp\/v2\/users\/1"}],"replies":[{"embeddable":true,"href":"https:\/\/bravasun.com\/es\/wp-json\/wp\/v2\/comments?post=539"}],"version-history":[{"count":7,"href":"https:\/\/bravasun.com\/es\/wp-json\/wp\/v2\/pages\/539\/revisions"}],"predecessor-version":[{"id":1030,"href":"https:\/\/bravasun.com\/es\/wp-json\/wp\/v2\/pages\/539\/revisions\/1030"}],"wp:attachment":[{"href":"https:\/\/bravasun.com\/es\/wp-json\/wp\/v2\/media?parent=539"}],"curies":[{"name":"wp","href":"https:\/\/api.w.org\/{rel}","templated":true}]}}