{"id":543,"date":"2025-12-03T02:21:39","date_gmt":"2025-12-03T01:21:39","guid":{"rendered":"https:\/\/staging.bravasun.com\/?page_id=543"},"modified":"2025-12-13T16:59:31","modified_gmt":"2025-12-13T15:59:31","slug":"confidencialidad-y-cookies","status":"publish","type":"page","link":"https:\/\/bravasun.com\/es\/confidencialidad-y-cookies\/","title":{"rendered":"Confidencialidad y cookies"},"content":{"rendered":"<h2 class=\"wp-block-heading\">Carta de confidencialidad<\/h2>\n\n\n\n<p>El prop\u00f3sito de esta Pol\u00edtica de Privacidad (la \u00abPol\u00edtica\u00bb) es formalizar nuestro compromiso de proteger la privacidad de los usuarios del sitio. <strong>www.bravasun.com<\/strong> (el \u00abSitio\u00bb) operado por BRAVASUN.<\/p>\n\n\n\n<p>La Carta y las Condiciones Generales del Sitio forman un conjunto contractual. Todos los t\u00e9rminos que empiecen por may\u00fascula y no est\u00e9n definidos en la presente Carta tienen el significado que se les atribuye en las Condiciones Generales disponibles aqu\u00ed : <a href=\"https:\/\/bravasun.com\/es\/informacion-legal\/\" data-type=\"page\" data-id=\"539\">Informaci\u00f3n jur\u00eddica<\/a>.<\/p>\n\n\n\n<p>Como parte del funcionamiento del Sitio, procesamos sus datos personales de acuerdo con el Reglamento General de Protecci\u00f3n de Datos de 27 de abril de 2016 (\u00abGDPR\u00bb) y como se describe a continuaci\u00f3n.<\/p>\n\n\n\n<p>Por datos personales se entiende cualquier informaci\u00f3n relativa a una persona f\u00edsica identificada o identificable. Recopilamos y procesamos sus datos \u00fanicamente para nuestros Servicios o para comunicarnos sobre ellos, en estricto cumplimiento del GDPR.<\/p>\n\n\n\n<p>Nos aseguramos de que s\u00f3lo recopilamos datos adecuados, pertinentes y limitados a lo estrictamente necesario. Nunca le pediremos que nos facilite los denominados datos \u00absensibles\u00bb.<\/p>\n\n\n\n<p>Al utilizar el Sitio, usted acepta los t\u00e9rminos de esta Carta. Si no est\u00e1 de acuerdo, debe dejar de utilizar el Sitio y los Servicios.<\/p>\n\n\n\n<div style=\"height:50px\" aria-hidden=\"true\" class=\"wp-block-spacer\"><\/div>\n\n\n\n<h2 class=\"wp-block-heading\">1. \u00bfCu\u00e1ndo recopilamos sus datos personales?<\/h2>\n\n\n\n<p>Podemos recopilar sus datos personales cuando usted :<\/p>\n\n\n\n<ul class=\"wp-block-list\">\n<li>navegar por el Sitio; ;<\/li>\n\n\n\n<li>p\u00f3ngase en contacto con nosotros a trav\u00e9s de los formularios o medios espec\u00edficos.<\/li>\n<\/ul>\n\n\n\n<p>Estos datos nos permiten gestionar los Servicios, responder a sus solicitudes y mejorar el funcionamiento del Sitio.<\/p>\n\n\n\n<p>Si ha aceptado recibir nuestras comunicaciones, puede recibir mensajes sobre nuestras ofertas y novedades. Puede darse de baja en cualquier momento.<\/p>\n\n\n\n<h3 class=\"wp-block-heading\">1.1 Navegaci\u00f3n por el sitio<\/h3>\n\n\n\n<p><strong>Datos de conexi\u00f3n.<\/strong> En particular, recopilamos: direcci\u00f3n IP, direcci\u00f3n MAC, fecha y hora de conexi\u00f3n, informaci\u00f3n sobre su navegador.<\/p>\n\n\n\n<p><strong>Datos de navegaci\u00f3n.<\/strong> Recopilamos las p\u00e1ginas consultadas, el tiempo empleado y el origen de la navegaci\u00f3n. Pueden utilizarse cookies (v\u00e9ase la secci\u00f3n 5).<\/p>\n\n\n\n<h3 class=\"wp-block-heading\">1.2 Suscripci\u00f3n al bolet\u00edn<\/h3>\n\n\n\n<p>Puede suscribirse a nuestro bolet\u00edn introduciendo su direcci\u00f3n de correo electr\u00f3nico en las casillas correspondientes. Puede retirar su consentimiento en cualquier momento.<\/p>\n\n\n\n<h3 class=\"wp-block-heading\">1.3 Contactos<\/h3>\n\n\n\n<p>Para responder a sus solicitudes, podemos recopilar sus apellidos, nombre, direcci\u00f3n de correo electr\u00f3nico y n\u00famero de tel\u00e9fono.<\/p>\n\n\n\n<div style=\"height:50px\" aria-hidden=\"true\" class=\"wp-block-spacer\"><\/div>\n\n\n\n<h2 class=\"wp-block-heading\">2. \u00bfC\u00f3mo protegemos sus datos personales?<\/h2>\n\n\n\n<p>Aplicamos medidas t\u00e9cnicas y organizativas para garantizar la seguridad, integridad y confidencialidad de sus datos.<\/p>\n\n\n\n<p>Como ninguna medida es infalible, no podemos garantizar una seguridad absoluta.<\/p>\n\n\n\n<div style=\"height:50px\" aria-hidden=\"true\" class=\"wp-block-spacer\"><\/div>\n\n\n\n<h2 class=\"wp-block-heading\">3. \u00bfCu\u00e1ndo compartimos sus datos personales?<\/h2>\n\n\n\n<h3 class=\"wp-block-heading\">3.1 Compartir con proveedores de servicios externos<\/h3>\n\n\n\n<p>Algunos datos pueden transmitirse a proveedores de servicios que trabajan en nuestro nombre (host, herramientas de supervisi\u00f3n, servicios t\u00e9cnicos, etc.). No se transfiere ning\u00fan dato fuera de la Uni\u00f3n Europea.<\/p>\n\n\n\n<h3 class=\"wp-block-heading\">3.2 Compartir con las autoridades<\/h3>\n\n\n\n<p>Podemos vernos obligados a comunicar determinados datos a las autoridades administrativas o judiciales para cumplir con obligaciones legales o judiciales.<\/p>\n\n\n\n<div style=\"height:50px\" aria-hidden=\"true\" class=\"wp-block-spacer\"><\/div>\n\n\n\n<h2 class=\"wp-block-heading\">4. \u00bfCu\u00e1nto tiempo conservamos sus datos personales?<\/h2>\n\n\n\n<p>Sus datos se conservar\u00e1n durante el tiempo que sea necesario para gestionar su cuenta y nuestros Servicios.<\/p>\n\n\n\n<p>Si cancela su suscripci\u00f3n, sus datos se eliminar\u00e1n o archivar\u00e1n \u00fanicamente con fines probatorios, de conformidad con las obligaciones legales.<\/p>\n\n\n\n<div style=\"height:50px\" aria-hidden=\"true\" class=\"wp-block-spacer\"><\/div>\n\n\n\n<h2 class=\"wp-block-heading\">5. Cookies: \u00bfc\u00f3mo las utilizamos?<\/h2>\n\n\n\n<h3 class=\"wp-block-heading\">5.1 Definici\u00f3n de cookie<\/h3>\n\n\n\n<p>Una cookie es un archivo de texto que se almacena en su terminal cuando consulta un servicio en l\u00ednea. Las cookies que requieren su consentimiento se eliminan al cabo de 13 meses.<\/p>\n\n\n\n<h3 class=\"wp-block-heading\">5.2 Finalidad de las cookies utilizadas en nuestro Sitio web<\/h3>\n\n\n\n<p>Las cookies que utilizamos sirven para<\/p>\n\n\n\n<ul class=\"wp-block-list\">\n<li>para recopilar estad\u00edsticas de visitas; ;<\/li>\n\n\n\n<li>adapte la visualizaci\u00f3n del Sitio en funci\u00f3n de la configuraci\u00f3n de su terminal; ;<\/li>\n\n\n\n<li>almacenar la informaci\u00f3n introducida en los formularios; ;<\/li>\n\n\n\n<li>Garantizar el acceso a zonas seguras (cuentas, datos personales, etc.).<\/li>\n<\/ul>\n\n\n\n<p>Algunas cookies de terceros (por ejemplo, redes sociales) pueden generarse cuando se utilizan los botones para compartir.<\/p>\n\n\n\n<h3 class=\"wp-block-heading\">5.3 Control de las cookies<\/h3>\n\n\n\n<p>Puede configurar su navegador para aceptar o rechazar las cookies total o parcialmente. Cualquier modificaci\u00f3n puede afectar al funcionamiento del Sitio y al acceso a determinados Servicios.<\/p>\n\n\n\n<h3 class=\"wp-block-heading\">5.4 Configuraci\u00f3n del navegador<\/h3>\n\n\n\n<ul class=\"wp-block-list\">\n<li><strong>Internet Explorer \/ Edge :<\/strong> Herramientas &gt; Opciones de Internet &gt; Historial &gt; Configuraci\u00f3n<\/li>\n\n\n\n<li><strong>Firefox :<\/strong> Men\u00fa &gt; Opciones &gt; Privacidad &gt; Cookies<\/li>\n\n\n\n<li><strong>Safari :<\/strong> Men\u00fa &gt; Preferencias &gt; Privacidad<\/li>\n\n\n\n<li><strong>Google Chrome :<\/strong> Men\u00fa &gt; Configuraci\u00f3n &gt; Configuraci\u00f3n avanzada &gt; Cookies<\/li>\n<\/ul>\n\n\n\n<p>Para m\u00e1s informaci\u00f3n: <a href=\"https:\/\/www.cnil.fr\">P\u00e1gina web de la CNIL<\/a>.<\/p>\n\n\n\n<div style=\"height:50px\" aria-hidden=\"true\" class=\"wp-block-spacer\"><\/div>\n\n\n\n<h2 class=\"wp-block-heading\">6. \u00bfCu\u00e1les son sus derechos?<\/h2>\n\n\n\n<p>De conformidad con los art\u00edculos 15 a 22 del RGPD y previa acreditaci\u00f3n de su identidad, usted dispone de los siguientes derechos: acceso, rectificaci\u00f3n, supresi\u00f3n, limitaci\u00f3n, oposici\u00f3n, portabilidad y directivas post mortem.<\/p>\n\n\n\n<p>Para ejercer sus derechos:<br>Correo electr\u00f3nico : <a href=\"mailto:contact@bravasun.com\">contact@bravasun.com<\/a><br>Direcci\u00f3n postal: BRAVASUN, 144 Avenue Charles de Gaulle, 92200 Neuilly-sur-Seine, Francia<\/p>\n\n\n\n<p>Puede darse de baja del bolet\u00edn en cualquier momento utilizando el enlace que aparece en cada correo electr\u00f3nico.<\/p>\n\n\n\n<div style=\"height:50px\" aria-hidden=\"true\" class=\"wp-block-spacer\"><\/div>\n\n\n\n<h2 class=\"wp-block-heading\">7. Cambios en la Carta<\/h2>\n\n\n\n<p>Podemos modificar esta Carta en cualquier momento. Cualquier actualizaci\u00f3n se publicar\u00e1 en esta p\u00e1gina. El uso de la p\u00e1gina despu\u00e9s de la modificaci\u00f3n constituye la aceptaci\u00f3n de la nueva versi\u00f3n.<\/p>","protected":false},"excerpt":{"rendered":"<p>Pol\u00edtica de privacidad El prop\u00f3sito de esta Pol\u00edtica de privacidad (la \u00abPol\u00edtica\u00bb) es formalizar nuestro compromiso de proteger la privacidad de los usuarios del sitio web www.bravasun.com (el \u00abSitio web\u00bb) operado por BRAVASUN. La Carta y las Condiciones Generales del Sitio Web constituyen [...]<\/p>","protected":false},"author":1,"featured_media":0,"parent":0,"menu_order":0,"comment_status":"closed","ping_status":"closed","template":"","meta":{"_acf_changed":false,"footnotes":""},"class_list":["post-543","page","type-page","status-publish","hentry"],"acf":[],"yoast_head":"<!-- This site is optimized with the Yoast SEO plugin v26.6 - https:\/\/yoast.com\/wordpress\/plugins\/seo\/ -->\n<title>Confidentialit\u00e9 et cookies &#8211; Bravasun<\/title>\n<meta name=\"description\" content=\"Consultez la politique de confidentialit\u00e9 et de gestion des cookies de BRAVASUN, conforme au RGPD et garantissant la protection de vos donn\u00e9es.\" \/>\n<meta name=\"robots\" content=\"index, follow, max-snippet:-1, max-image-preview:large, max-video-preview:-1\" \/>\n<link rel=\"canonical\" href=\"https:\/\/bravasun.com\/es\/confidencialidad-y-cookies\/\" \/>\n<meta property=\"og:locale\" content=\"es_ES\" \/>\n<meta property=\"og:type\" content=\"article\" \/>\n<meta property=\"og:title\" content=\"Confidentialit\u00e9 et cookies &#8211; Bravasun\" \/>\n<meta property=\"og:description\" content=\"Consultez la politique de confidentialit\u00e9 et de gestion des cookies de BRAVASUN, conforme au RGPD et garantissant la protection de vos donn\u00e9es.\" \/>\n<meta property=\"og:url\" content=\"https:\/\/bravasun.com\/es\/confidencialidad-y-cookies\/\" \/>\n<meta property=\"og:site_name\" content=\"Bravasun\" \/>\n<meta property=\"article:publisher\" content=\"https:\/\/www.facebook.com\/people\/Bravasun\/100088618969920\/\" \/>\n<meta property=\"article:modified_time\" content=\"2025-12-13T15:59:31+00:00\" \/>\n<meta name=\"twitter:card\" content=\"summary_large_image\" \/>\n<meta name=\"twitter:label1\" content=\"Tiempo de lectura\" \/>\n\t<meta name=\"twitter:data1\" content=\"5 minutos\" \/>\n<script type=\"application\/ld+json\" class=\"yoast-schema-graph\">{\"@context\":\"https:\/\/schema.org\",\"@graph\":[{\"@type\":\"WebPage\",\"@id\":\"https:\/\/bravasun.com\/confidentialite-et-cookies\/\",\"url\":\"https:\/\/bravasun.com\/confidentialite-et-cookies\/\",\"name\":\"Confidentialit\u00e9 et cookies &#8211; Bravasun\",\"isPartOf\":{\"@id\":\"https:\/\/bravasun.com\/#website\"},\"datePublished\":\"2025-12-03T01:21:39+00:00\",\"dateModified\":\"2025-12-13T15:59:31+00:00\",\"description\":\"Consultez la politique de confidentialit\u00e9 et de gestion des cookies de BRAVASUN, conforme au RGPD et garantissant la protection de vos donn\u00e9es.\",\"breadcrumb\":{\"@id\":\"https:\/\/bravasun.com\/confidentialite-et-cookies\/#breadcrumb\"},\"inLanguage\":\"es\",\"potentialAction\":[{\"@type\":\"ReadAction\",\"target\":[\"https:\/\/bravasun.com\/confidentialite-et-cookies\/\"]}]},{\"@type\":\"BreadcrumbList\",\"@id\":\"https:\/\/bravasun.com\/confidentialite-et-cookies\/#breadcrumb\",\"itemListElement\":[{\"@type\":\"ListItem\",\"position\":1,\"name\":\"Accueil\",\"item\":\"https:\/\/bravasun.com\/fr\/\"},{\"@type\":\"ListItem\",\"position\":2,\"name\":\"Confidentialit\u00e9 et cookies\"}]},{\"@type\":\"WebSite\",\"@id\":\"https:\/\/bravasun.com\/#website\",\"url\":\"https:\/\/bravasun.com\/\",\"name\":\"Bravasun\",\"description\":\"Imaginer des exp\u00e9riences d\u2019exception en Espagne\",\"publisher\":{\"@id\":\"https:\/\/bravasun.com\/#organization\"},\"potentialAction\":[{\"@type\":\"SearchAction\",\"target\":{\"@type\":\"EntryPoint\",\"urlTemplate\":\"https:\/\/bravasun.com\/?s={search_term_string}\"},\"query-input\":{\"@type\":\"PropertyValueSpecification\",\"valueRequired\":true,\"valueName\":\"search_term_string\"}}],\"inLanguage\":\"es\"},{\"@type\":\"Organization\",\"@id\":\"https:\/\/bravasun.com\/#organization\",\"name\":\"Bravasun\",\"url\":\"https:\/\/bravasun.com\/\",\"logo\":{\"@type\":\"ImageObject\",\"inLanguage\":\"es\",\"@id\":\"https:\/\/bravasun.com\/#\/schema\/logo\/image\/\",\"url\":\"https:\/\/bravasun.com\/wp-content\/uploads\/2025\/12\/BRAVASUN-logo_dark_horizontal-512px.png\",\"contentUrl\":\"https:\/\/bravasun.com\/wp-content\/uploads\/2025\/12\/BRAVASUN-logo_dark_horizontal-512px.png\",\"width\":512,\"height\":118,\"caption\":\"Bravasun\"},\"image\":{\"@id\":\"https:\/\/bravasun.com\/#\/schema\/logo\/image\/\"},\"sameAs\":[\"https:\/\/www.facebook.com\/people\/Bravasun\/100088618969920\/\",\"https:\/\/www.instagram.com\/bravasun\/\"]}]}<\/script>\n<!-- \/ Yoast SEO plugin. -->","yoast_head_json":{"title":"Confidencialidad y cookies - Bravasun","description":"Consulte la pol\u00edtica de privacidad y gesti\u00f3n de cookies de BRAVASUN, que cumple con el RGPD y garantiza la protecci\u00f3n de sus datos.","robots":{"index":"index","follow":"follow","max-snippet":"max-snippet:-1","max-image-preview":"max-image-preview:large","max-video-preview":"max-video-preview:-1"},"canonical":"https:\/\/bravasun.com\/es\/confidencialidad-y-cookies\/","og_locale":"es_ES","og_type":"article","og_title":"Confidentialit\u00e9 et cookies &#8211; Bravasun","og_description":"Consultez la politique de confidentialit\u00e9 et de gestion des cookies de BRAVASUN, conforme au RGPD et garantissant la protection de vos donn\u00e9es.","og_url":"https:\/\/bravasun.com\/es\/confidencialidad-y-cookies\/","og_site_name":"Bravasun","article_publisher":"https:\/\/www.facebook.com\/people\/Bravasun\/100088618969920\/","article_modified_time":"2025-12-13T15:59:31+00:00","twitter_card":"summary_large_image","twitter_misc":{"Tiempo de lectura":"5 minutos"},"schema":{"@context":"https:\/\/schema.org","@graph":[{"@type":"WebPage","@id":"https:\/\/bravasun.com\/confidentialite-et-cookies\/","url":"https:\/\/bravasun.com\/confidentialite-et-cookies\/","name":"Confidencialidad y cookies - Bravasun","isPartOf":{"@id":"https:\/\/bravasun.com\/#website"},"datePublished":"2025-12-03T01:21:39+00:00","dateModified":"2025-12-13T15:59:31+00:00","description":"Consulte la pol\u00edtica de privacidad y gesti\u00f3n de cookies de BRAVASUN, que cumple con el RGPD y garantiza la protecci\u00f3n de sus datos.","breadcrumb":{"@id":"https:\/\/bravasun.com\/confidentialite-et-cookies\/#breadcrumb"},"inLanguage":"es","potentialAction":[{"@type":"ReadAction","target":["https:\/\/bravasun.com\/confidentialite-et-cookies\/"]}]},{"@type":"BreadcrumbList","@id":"https:\/\/bravasun.com\/confidentialite-et-cookies\/#breadcrumb","itemListElement":[{"@type":"ListItem","position":1,"name":"Accueil","item":"https:\/\/bravasun.com\/fr\/"},{"@type":"ListItem","position":2,"name":"Confidentialit\u00e9 et cookies"}]},{"@type":"WebSite","@id":"https:\/\/bravasun.com\/#website","url":"https:\/\/bravasun.com\/","name":"Bravasun","description":"Imaginar experiencias excepcionales en Espa\u00f1a","publisher":{"@id":"https:\/\/bravasun.com\/#organization"},"potentialAction":[{"@type":"SearchAction","target":{"@type":"EntryPoint","urlTemplate":"https:\/\/bravasun.com\/?s={search_term_string}"},"query-input":{"@type":"PropertyValueSpecification","valueRequired":true,"valueName":"search_term_string"}}],"inLanguage":"es"},{"@type":"Organization","@id":"https:\/\/bravasun.com\/#organization","name":"Bravasun","url":"https:\/\/bravasun.com\/","logo":{"@type":"ImageObject","inLanguage":"es","@id":"https:\/\/bravasun.com\/#\/schema\/logo\/image\/","url":"https:\/\/bravasun.com\/wp-content\/uploads\/2025\/12\/BRAVASUN-logo_dark_horizontal-512px.png","contentUrl":"https:\/\/bravasun.com\/wp-content\/uploads\/2025\/12\/BRAVASUN-logo_dark_horizontal-512px.png","width":512,"height":118,"caption":"Bravasun"},"image":{"@id":"https:\/\/bravasun.com\/#\/schema\/logo\/image\/"},"sameAs":["https:\/\/www.facebook.com\/people\/Bravasun\/100088618969920\/","https:\/\/www.instagram.com\/bravasun\/"]}]}},"_links":{"self":[{"href":"https:\/\/bravasun.com\/es\/wp-json\/wp\/v2\/pages\/543","targetHints":{"allow":["GET"]}}],"collection":[{"href":"https:\/\/bravasun.com\/es\/wp-json\/wp\/v2\/pages"}],"about":[{"href":"https:\/\/bravasun.com\/es\/wp-json\/wp\/v2\/types\/page"}],"author":[{"embeddable":true,"href":"https:\/\/bravasun.com\/es\/wp-json\/wp\/v2\/users\/1"}],"replies":[{"embeddable":true,"href":"https:\/\/bravasun.com\/es\/wp-json\/wp\/v2\/comments?post=543"}],"version-history":[{"count":5,"href":"https:\/\/bravasun.com\/es\/wp-json\/wp\/v2\/pages\/543\/revisions"}],"predecessor-version":[{"id":1036,"href":"https:\/\/bravasun.com\/es\/wp-json\/wp\/v2\/pages\/543\/revisions\/1036"}],"wp:attachment":[{"href":"https:\/\/bravasun.com\/es\/wp-json\/wp\/v2\/media?parent=543"}],"curies":[{"name":"wp","href":"https:\/\/api.w.org\/{rel}","templated":true}]}}