{"id":813,"date":"2025-12-04T12:43:21","date_gmt":"2025-12-04T11:43:21","guid":{"rendered":"https:\/\/staging.bravasun.com\/?page_id=813"},"modified":"2025-12-16T14:11:57","modified_gmt":"2025-12-16T13:11:57","slug":"experiencias-de-golf-exclusivas","status":"publish","type":"page","link":"https:\/\/bravasun.com\/es\/eventos-de-empresa\/experiencias-de-golf-exclusivas\/","title":{"rendered":"Experiencias de golf exclusivas"},"content":{"rendered":"","protected":false},"excerpt":{"rendered":"","protected":false},"author":1,"featured_media":0,"parent":533,"menu_order":0,"comment_status":"closed","ping_status":"closed","template":"","meta":{"_acf_changed":false,"footnotes":""},"class_list":["post-813","page","type-page","status-publish","hentry"],"acf":[],"yoast_head":"<!-- This site is optimized with the Yoast SEO plugin v26.6 - https:\/\/yoast.com\/wordpress\/plugins\/seo\/ -->\n<title>Exp\u00e9riences de Golf Exclusives &#8211; Bravasun<\/title>\n<meta name=\"description\" content=\"Vivez des exp\u00e9riences de golf exclusives en Espagne avec BRAVASUN : parcours d\u2019exception, prestations haut de gamme et organisation sur mesure.\" \/>\n<meta name=\"robots\" content=\"index, follow, max-snippet:-1, max-image-preview:large, max-video-preview:-1\" \/>\n<link rel=\"canonical\" href=\"https:\/\/bravasun.com\/es\/eventos-de-empresa\/experiencias-de-golf-exclusivas\/\" \/>\n<meta property=\"og:locale\" content=\"es_ES\" \/>\n<meta property=\"og:type\" content=\"article\" \/>\n<meta property=\"og:title\" content=\"Exp\u00e9riences de Golf Exclusives &#8211; Bravasun\" \/>\n<meta property=\"og:description\" content=\"Vivez des exp\u00e9riences de golf exclusives en Espagne avec BRAVASUN : parcours d\u2019exception, prestations haut de gamme et organisation sur mesure.\" \/>\n<meta property=\"og:url\" content=\"https:\/\/bravasun.com\/es\/eventos-de-empresa\/experiencias-de-golf-exclusivas\/\" \/>\n<meta property=\"og:site_name\" content=\"Bravasun\" \/>\n<meta property=\"article:publisher\" content=\"https:\/\/www.facebook.com\/people\/Bravasun\/100088618969920\/\" \/>\n<meta property=\"article:modified_time\" content=\"2025-12-16T13:11:57+00:00\" \/>\n<meta name=\"twitter:card\" content=\"summary_large_image\" \/>\n<meta name=\"twitter:label1\" content=\"Tiempo de lectura\" \/>\n\t<meta name=\"twitter:data1\" content=\"4 minutos\" \/>\n<script type=\"application\/ld+json\" class=\"yoast-schema-graph\">{\"@context\":\"https:\/\/schema.org\",\"@graph\":[{\"@type\":\"WebPage\",\"@id\":\"https:\/\/bravasun.com\/evenements-entreprise\/experiences-de-golf-exclusives\/\",\"url\":\"https:\/\/bravasun.com\/evenements-entreprise\/experiences-de-golf-exclusives\/\",\"name\":\"Exp\u00e9riences de Golf Exclusives &#8211; Bravasun\",\"isPartOf\":{\"@id\":\"https:\/\/bravasun.com\/#website\"},\"datePublished\":\"2025-12-04T11:43:21+00:00\",\"dateModified\":\"2025-12-16T13:11:57+00:00\",\"description\":\"Vivez des exp\u00e9riences de golf exclusives en Espagne avec BRAVASUN : parcours d\u2019exception, prestations haut de gamme et organisation sur mesure.\",\"breadcrumb\":{\"@id\":\"https:\/\/bravasun.com\/evenements-entreprise\/experiences-de-golf-exclusives\/#breadcrumb\"},\"inLanguage\":\"es\",\"potentialAction\":[{\"@type\":\"ReadAction\",\"target\":[\"https:\/\/bravasun.com\/evenements-entreprise\/experiences-de-golf-exclusives\/\"]}]},{\"@type\":\"BreadcrumbList\",\"@id\":\"https:\/\/bravasun.com\/evenements-entreprise\/experiences-de-golf-exclusives\/#breadcrumb\",\"itemListElement\":[{\"@type\":\"ListItem\",\"position\":1,\"name\":\"Accueil\",\"item\":\"https:\/\/bravasun.com\/fr\/\"},{\"@type\":\"ListItem\",\"position\":2,\"name\":\"\u00c9v\u00e9nements MICE &amp; R\u00e9unions\",\"item\":\"https:\/\/bravasun.com\/evenements-entreprise\/\"},{\"@type\":\"ListItem\",\"position\":3,\"name\":\"Exp\u00e9riences de Golf Exclusives\"}]},{\"@type\":\"WebSite\",\"@id\":\"https:\/\/bravasun.com\/#website\",\"url\":\"https:\/\/bravasun.com\/\",\"name\":\"Bravasun\",\"description\":\"Imaginer des exp\u00e9riences d\u2019exception en Espagne\",\"publisher\":{\"@id\":\"https:\/\/bravasun.com\/#organization\"},\"potentialAction\":[{\"@type\":\"SearchAction\",\"target\":{\"@type\":\"EntryPoint\",\"urlTemplate\":\"https:\/\/bravasun.com\/?s={search_term_string}\"},\"query-input\":{\"@type\":\"PropertyValueSpecification\",\"valueRequired\":true,\"valueName\":\"search_term_string\"}}],\"inLanguage\":\"es\"},{\"@type\":\"Organization\",\"@id\":\"https:\/\/bravasun.com\/#organization\",\"name\":\"Bravasun\",\"url\":\"https:\/\/bravasun.com\/\",\"logo\":{\"@type\":\"ImageObject\",\"inLanguage\":\"es\",\"@id\":\"https:\/\/bravasun.com\/#\/schema\/logo\/image\/\",\"url\":\"https:\/\/bravasun.com\/wp-content\/uploads\/2025\/12\/BRAVASUN-logo_dark_horizontal-512px.png\",\"contentUrl\":\"https:\/\/bravasun.com\/wp-content\/uploads\/2025\/12\/BRAVASUN-logo_dark_horizontal-512px.png\",\"width\":512,\"height\":118,\"caption\":\"Bravasun\"},\"image\":{\"@id\":\"https:\/\/bravasun.com\/#\/schema\/logo\/image\/\"},\"sameAs\":[\"https:\/\/www.facebook.com\/people\/Bravasun\/100088618969920\/\",\"https:\/\/www.instagram.com\/bravasun\/\"]}]}<\/script>\n<!-- \/ Yoast SEO plugin. -->","yoast_head_json":{"title":"Experiencias exclusivas de golf - Bravasun","description":"Disfrute de experiencias de golf exclusivas en Espa\u00f1a con BRAVASUN: campos excepcionales, servicios de alta gama y organizaci\u00f3n a medida.","robots":{"index":"index","follow":"follow","max-snippet":"max-snippet:-1","max-image-preview":"max-image-preview:large","max-video-preview":"max-video-preview:-1"},"canonical":"https:\/\/bravasun.com\/es\/eventos-de-empresa\/experiencias-de-golf-exclusivas\/","og_locale":"es_ES","og_type":"article","og_title":"Exp\u00e9riences de Golf Exclusives &#8211; Bravasun","og_description":"Vivez des exp\u00e9riences de golf exclusives en Espagne avec BRAVASUN : parcours d\u2019exception, prestations haut de gamme et organisation sur mesure.","og_url":"https:\/\/bravasun.com\/es\/eventos-de-empresa\/experiencias-de-golf-exclusivas\/","og_site_name":"Bravasun","article_publisher":"https:\/\/www.facebook.com\/people\/Bravasun\/100088618969920\/","article_modified_time":"2025-12-16T13:11:57+00:00","twitter_card":"summary_large_image","twitter_misc":{"Tiempo de lectura":"4 minutos"},"schema":{"@context":"https:\/\/schema.org","@graph":[{"@type":"WebPage","@id":"https:\/\/bravasun.com\/evenements-entreprise\/experiences-de-golf-exclusives\/","url":"https:\/\/bravasun.com\/evenements-entreprise\/experiences-de-golf-exclusives\/","name":"Experiencias exclusivas de golf - Bravasun","isPartOf":{"@id":"https:\/\/bravasun.com\/#website"},"datePublished":"2025-12-04T11:43:21+00:00","dateModified":"2025-12-16T13:11:57+00:00","description":"Disfrute de experiencias de golf exclusivas en Espa\u00f1a con BRAVASUN: campos excepcionales, servicios de alta gama y organizaci\u00f3n a medida.","breadcrumb":{"@id":"https:\/\/bravasun.com\/evenements-entreprise\/experiences-de-golf-exclusives\/#breadcrumb"},"inLanguage":"es","potentialAction":[{"@type":"ReadAction","target":["https:\/\/bravasun.com\/evenements-entreprise\/experiences-de-golf-exclusives\/"]}]},{"@type":"BreadcrumbList","@id":"https:\/\/bravasun.com\/evenements-entreprise\/experiences-de-golf-exclusives\/#breadcrumb","itemListElement":[{"@type":"ListItem","position":1,"name":"Accueil","item":"https:\/\/bravasun.com\/fr\/"},{"@type":"ListItem","position":2,"name":"\u00c9v\u00e9nements MICE &amp; R\u00e9unions","item":"https:\/\/bravasun.com\/evenements-entreprise\/"},{"@type":"ListItem","position":3,"name":"Exp\u00e9riences de Golf Exclusives"}]},{"@type":"WebSite","@id":"https:\/\/bravasun.com\/#website","url":"https:\/\/bravasun.com\/","name":"Bravasun","description":"Imaginar experiencias excepcionales en Espa\u00f1a","publisher":{"@id":"https:\/\/bravasun.com\/#organization"},"potentialAction":[{"@type":"SearchAction","target":{"@type":"EntryPoint","urlTemplate":"https:\/\/bravasun.com\/?s={search_term_string}"},"query-input":{"@type":"PropertyValueSpecification","valueRequired":true,"valueName":"search_term_string"}}],"inLanguage":"es"},{"@type":"Organization","@id":"https:\/\/bravasun.com\/#organization","name":"Bravasun","url":"https:\/\/bravasun.com\/","logo":{"@type":"ImageObject","inLanguage":"es","@id":"https:\/\/bravasun.com\/#\/schema\/logo\/image\/","url":"https:\/\/bravasun.com\/wp-content\/uploads\/2025\/12\/BRAVASUN-logo_dark_horizontal-512px.png","contentUrl":"https:\/\/bravasun.com\/wp-content\/uploads\/2025\/12\/BRAVASUN-logo_dark_horizontal-512px.png","width":512,"height":118,"caption":"Bravasun"},"image":{"@id":"https:\/\/bravasun.com\/#\/schema\/logo\/image\/"},"sameAs":["https:\/\/www.facebook.com\/people\/Bravasun\/100088618969920\/","https:\/\/www.instagram.com\/bravasun\/"]}]}},"_links":{"self":[{"href":"https:\/\/bravasun.com\/es\/wp-json\/wp\/v2\/pages\/813","targetHints":{"allow":["GET"]}}],"collection":[{"href":"https:\/\/bravasun.com\/es\/wp-json\/wp\/v2\/pages"}],"about":[{"href":"https:\/\/bravasun.com\/es\/wp-json\/wp\/v2\/types\/page"}],"author":[{"embeddable":true,"href":"https:\/\/bravasun.com\/es\/wp-json\/wp\/v2\/users\/1"}],"replies":[{"embeddable":true,"href":"https:\/\/bravasun.com\/es\/wp-json\/wp\/v2\/comments?post=813"}],"version-history":[{"count":50,"href":"https:\/\/bravasun.com\/es\/wp-json\/wp\/v2\/pages\/813\/revisions"}],"predecessor-version":[{"id":1402,"href":"https:\/\/bravasun.com\/es\/wp-json\/wp\/v2\/pages\/813\/revisions\/1402"}],"up":[{"embeddable":true,"href":"https:\/\/bravasun.com\/es\/wp-json\/wp\/v2\/pages\/533"}],"wp:attachment":[{"href":"https:\/\/bravasun.com\/es\/wp-json\/wp\/v2\/media?parent=813"}],"curies":[{"name":"wp","href":"https:\/\/api.w.org\/{rel}","templated":true}]}}