{"id":539,"date":"2025-12-03T02:21:23","date_gmt":"2025-12-03T01:21:23","guid":{"rendered":"https:\/\/staging.bravasun.com\/?page_id=539"},"modified":"2025-12-13T17:00:45","modified_gmt":"2025-12-13T16:00:45","slug":"mentions-legales","status":"publish","type":"page","link":"https:\/\/bravasun.com\/fr\/mentions-legales\/","title":{"rendered":"Mentions l\u00e9gales"},"content":{"rendered":"\n<p>Conform\u00e9ment aux dispositions de la Loi n\u00b0 2004-575 du 21 juin 2004 pour la confiance dans l\u2019\u00e9conomie num\u00e9rique, il est port\u00e9 \u00e0 la connaissance des utilisateurs du site <strong><a href=\"http:\/\/www.bravasun.com\">www.bravasun.com<\/a><\/strong> l\u2019identit\u00e9 des diff\u00e9rents intervenants dans le cadre de sa r\u00e9alisation et de son suivi.<\/p>\n\n\n\n<div style=\"height:50px\" aria-hidden=\"true\" class=\"wp-block-spacer\"><\/div>\n\n\n\n<p><strong>\u00c9dition du site<\/strong><\/p>\n\n\n\n<p>Le site <strong><a href=\"http:\/\/www.bravasun.com\">www.bravasun.com<\/a><\/strong> (ci-apr\u00e8s \u00ab le Site \u00bb) est \u00e9dit\u00e9 par :<\/p>\n\n\n\n<p><strong>BRAVASUN<\/strong>,<br>Soci\u00e9t\u00e9 au capital de <strong>2 500 euros<\/strong>,<br>Immatricul\u00e9e au Registre du Commerce et des Soci\u00e9t\u00e9s de <strong>Nanterre<\/strong> sous le num\u00e9ro <strong>952 024 917<\/strong>,<br>Dont le si\u00e8ge social est situ\u00e9 :<br><strong>144 Avenue Charles de Gaulle, 92200 Neuilly-sur-Seine \u2013 France<\/strong>,<br>Repr\u00e9sent\u00e9e par <strong>M. Alberto Noriega<\/strong>, d\u00fbment habilit\u00e9.<\/p>\n\n\n\n<p><strong>N\u00b0 SIRET :<\/strong> 95202491700017<br><strong>N\u00b0 TVA intracommunautaire :<\/strong> FR70952024917<\/p>\n\n\n\n<div style=\"height:50px\" aria-hidden=\"true\" class=\"wp-block-spacer\"><\/div>\n\n\n\n<h2 class=\"wp-block-heading\"><strong>H\u00e9bergement<\/strong><\/h2>\n\n\n\n<p>Le Site est h\u00e9berg\u00e9 par la soci\u00e9t\u00e9 <strong>NAMECHEAP<\/strong>,<br>4600 East Washington Street, Suite 305,<br>Phoenix, AZ 85034, \u00c9tats-Unis.<br>T\u00e9l\u00e9phone : <strong>+1 (661) 310-2107<\/strong><br>Site web : <a href=\"https:\/\/www.namecheap.com\">https:\/\/www.namecheap.com<\/a><\/p>\n\n\n\n<div style=\"height:50px\" aria-hidden=\"true\" class=\"wp-block-spacer\"><\/div>\n\n\n\n<h2 class=\"wp-block-heading\"><strong>Direction de la publication<\/strong><\/h2>\n\n\n\n<p>Le Directeur de la publication est :<br><strong>M. Alberto Noriega<\/strong><\/p>\n\n\n\n<div style=\"height:50px\" aria-hidden=\"true\" class=\"wp-block-spacer\"><\/div>\n\n\n\n<h2 class=\"wp-block-heading\"><strong>Contact<\/strong><\/h2>\n\n\n\n<p>Pour toute demande, vous pouvez contacter BRAVASUN :<\/p>\n\n\n\n<ul class=\"wp-block-list\">\n<li><strong>T\u00e9l\u00e9phone :<\/strong> +33 6 19 98 25 68<\/li>\n\n\n\n<li><strong>Email :<\/strong> <a>contact@bravasun.com<\/a><\/li>\n\n\n\n<li><strong>Adresse postale :<\/strong> BRAVASUN, 144 Avenue Charles de Gaulle, 92200 Neuilly-sur-Seine, France<\/li>\n<\/ul>\n\n\n\n<div style=\"height:50px\" aria-hidden=\"true\" class=\"wp-block-spacer\"><\/div>\n\n\n\n<h2 class=\"wp-block-heading\"><strong>Propri\u00e9t\u00e9 intellectuelle<\/strong><\/h2>\n\n\n\n<p>L\u2019ensemble des \u00e9l\u00e9ments pr\u00e9sents sur le Site (textes, images, photographies, vid\u00e9os, logos, graphismes, ic\u00f4nes, structure g\u00e9n\u00e9rale, etc.) est prot\u00e9g\u00e9 par le droit d\u2019auteur et demeure la propri\u00e9t\u00e9 exclusive de BRAVASUN ou de ses partenaires.<\/p>\n\n\n\n<p>Toute reproduction, repr\u00e9sentation, modification, adaptation ou exploitation, totale ou partielle, du Site ou de l\u2019un quelconque des \u00e9l\u00e9ments qui le composent, par quelque proc\u00e9d\u00e9 que ce soit, est interdite sans autorisation \u00e9crite pr\u00e9alable de BRAVASUN.<\/p>\n\n\n\n<div style=\"height:50px\" aria-hidden=\"true\" class=\"wp-block-spacer\"><\/div>\n\n\n\n<h2 class=\"wp-block-heading\"><strong>Responsabilit\u00e9<\/strong><\/h2>\n\n\n\n<p>BRAVASUN s\u2019efforce d\u2019assurer l\u2019exactitude et la mise \u00e0 jour des informations publi\u00e9es sur le Site. Toutefois, la soci\u00e9t\u00e9 ne saurait \u00eatre tenue pour responsable :<\/p>\n\n\n\n<ul class=\"wp-block-list\">\n<li>d\u2019erreurs, d\u2019omissions ou d\u2019inexactitudes ;<\/li>\n\n\n\n<li>d\u2019une indisponibilit\u00e9 temporaire ou permanente du Site ;<\/li>\n\n\n\n<li>de tout dommage direct ou indirect r\u00e9sultant de l\u2019acc\u00e8s ou de l\u2019utilisation du Site.<\/li>\n<\/ul>\n\n\n\n<p>Des liens hypertextes peuvent renvoyer vers des sites tiers : BRAVASUN n\u2019exerce aucun contr\u00f4le sur ces sites et d\u00e9cline toute responsabilit\u00e9 quant \u00e0 leur contenu.<\/p>\n\n\n\n<div style=\"height:50px\" aria-hidden=\"true\" class=\"wp-block-spacer\"><\/div>\n\n\n\n<h2 class=\"wp-block-heading\"><strong>Protection des donn\u00e9es personnelles<\/strong><\/h2>\n\n\n\n<p>Le traitement de vos donn\u00e9es personnelles est r\u00e9gi par notre <strong>Charte de respect de la vie priv\u00e9e<\/strong>, accessible \u00e0 l\u2019adresse suivante :<br><a href=\"https:\/\/www.bravasun.com\/Charte-du-respect-de-la-vie-priv%C3%A9e\">https:\/\/www.bravasun.com\/confidentialite-et-cookies<\/a><\/p>\n\n\n\n<p>Ce traitement est conforme au <strong>R\u00e8glement (UE) 2016\/679 du 27 avril 2016<\/strong> (RGPD) ainsi qu\u2019\u00e0 la <strong>Loi Informatique et Libert\u00e9s<\/strong> modifi\u00e9e.<\/p>\n\n\n\n<p>Vous disposez notamment d\u2019un droit d\u2019acc\u00e8s, de rectification, d\u2019opposition, d\u2019effacement et de portabilit\u00e9 de vos donn\u00e9es. Pour exercer vos droits, vous pouvez nous contacter \u00e0 l\u2019adresse : <strong><a>contact@bravasun.com<\/a><\/strong><\/p>\n\n\n\n<div style=\"height:50px\" aria-hidden=\"true\" class=\"wp-block-spacer\"><\/div>\n\n\n\n<h2 class=\"wp-block-heading\"><strong>Droit applicable<\/strong><\/h2>\n\n\n\n<p>Les pr\u00e9sentes mentions l\u00e9gales sont soumises au droit fran\u00e7ais.<br>En cas de litige, et \u00e0 d\u00e9faut de r\u00e9solution amiable, les tribunaux fran\u00e7ais seront seuls comp\u00e9tents.<\/p>\n","protected":false},"excerpt":{"rendered":"<p>Conform\u00e9ment aux dispositions de la Loi n\u00b0 2004-575 du 21 juin 2004 pour la confiance dans l\u2019\u00e9conomie num\u00e9rique, il est port\u00e9 \u00e0 la connaissance des utilisateurs du site www.bravasun.com l\u2019identit\u00e9 des diff\u00e9rents intervenants dans le cadre de sa r\u00e9alisation et de son suivi. \u00c9dition du site Le site www.bravasun.com (ci-apr\u00e8s \u00ab le Site \u00bb) est [&hellip;]<\/p>\n","protected":false},"author":1,"featured_media":0,"parent":0,"menu_order":0,"comment_status":"closed","ping_status":"closed","template":"","meta":{"_acf_changed":false,"footnotes":""},"class_list":["post-539","page","type-page","status-publish","hentry"],"acf":[],"yoast_head":"<!-- This site is optimized with the Yoast SEO plugin v26.6 - https:\/\/yoast.com\/wordpress\/plugins\/seo\/ -->\n<title>Mentions l\u00e9gales &#8211; Bravasun<\/title>\n<meta name=\"description\" content=\"Consultez les mentions l\u00e9gales du site BRAVASUN, \u00e9diteur, h\u00e9bergement, responsabilit\u00e9s et informations l\u00e9gales obligatoires.\" \/>\n<meta name=\"robots\" content=\"index, follow, max-snippet:-1, max-image-preview:large, max-video-preview:-1\" \/>\n<link rel=\"canonical\" href=\"https:\/\/bravasun.com\/fr\/mentions-legales\/\" \/>\n<meta property=\"og:locale\" content=\"fr_FR\" \/>\n<meta property=\"og:type\" content=\"article\" \/>\n<meta property=\"og:title\" content=\"Mentions l\u00e9gales &#8211; Bravasun\" \/>\n<meta property=\"og:description\" content=\"Consultez les mentions l\u00e9gales du site BRAVASUN, \u00e9diteur, h\u00e9bergement, responsabilit\u00e9s et informations l\u00e9gales obligatoires.\" \/>\n<meta property=\"og:url\" content=\"https:\/\/bravasun.com\/fr\/mentions-legales\/\" \/>\n<meta property=\"og:site_name\" content=\"Bravasun\" \/>\n<meta property=\"article:publisher\" content=\"https:\/\/www.facebook.com\/people\/Bravasun\/100088618969920\/\" \/>\n<meta property=\"article:modified_time\" content=\"2025-12-13T16:00:45+00:00\" \/>\n<meta name=\"twitter:card\" content=\"summary_large_image\" \/>\n<meta name=\"twitter:label1\" content=\"Dur\u00e9e de lecture estim\u00e9e\" \/>\n\t<meta name=\"twitter:data1\" content=\"3 minutes\" \/>\n<script type=\"application\/ld+json\" class=\"yoast-schema-graph\">{\"@context\":\"https:\/\/schema.org\",\"@graph\":[{\"@type\":\"WebPage\",\"@id\":\"https:\/\/bravasun.com\/mentions-legales\/\",\"url\":\"https:\/\/bravasun.com\/mentions-legales\/\",\"name\":\"Mentions l\u00e9gales &#8211; Bravasun\",\"isPartOf\":{\"@id\":\"https:\/\/bravasun.com\/#website\"},\"datePublished\":\"2025-12-03T01:21:23+00:00\",\"dateModified\":\"2025-12-13T16:00:45+00:00\",\"description\":\"Consultez les mentions l\u00e9gales du site BRAVASUN, \u00e9diteur, h\u00e9bergement, responsabilit\u00e9s et informations l\u00e9gales obligatoires.\",\"breadcrumb\":{\"@id\":\"https:\/\/bravasun.com\/mentions-legales\/#breadcrumb\"},\"inLanguage\":\"fr-FR\",\"potentialAction\":[{\"@type\":\"ReadAction\",\"target\":[\"https:\/\/bravasun.com\/mentions-legales\/\"]}]},{\"@type\":\"BreadcrumbList\",\"@id\":\"https:\/\/bravasun.com\/mentions-legales\/#breadcrumb\",\"itemListElement\":[{\"@type\":\"ListItem\",\"position\":1,\"name\":\"Accueil\",\"item\":\"https:\/\/bravasun.com\/fr\/\"},{\"@type\":\"ListItem\",\"position\":2,\"name\":\"Mentions l\u00e9gales\"}]},{\"@type\":\"WebSite\",\"@id\":\"https:\/\/bravasun.com\/#website\",\"url\":\"https:\/\/bravasun.com\/\",\"name\":\"Bravasun\",\"description\":\"Imaginer des exp\u00e9riences d\u2019exception en Espagne\",\"publisher\":{\"@id\":\"https:\/\/bravasun.com\/#organization\"},\"potentialAction\":[{\"@type\":\"SearchAction\",\"target\":{\"@type\":\"EntryPoint\",\"urlTemplate\":\"https:\/\/bravasun.com\/?s={search_term_string}\"},\"query-input\":{\"@type\":\"PropertyValueSpecification\",\"valueRequired\":true,\"valueName\":\"search_term_string\"}}],\"inLanguage\":\"fr-FR\"},{\"@type\":\"Organization\",\"@id\":\"https:\/\/bravasun.com\/#organization\",\"name\":\"Bravasun\",\"url\":\"https:\/\/bravasun.com\/\",\"logo\":{\"@type\":\"ImageObject\",\"inLanguage\":\"fr-FR\",\"@id\":\"https:\/\/bravasun.com\/#\/schema\/logo\/image\/\",\"url\":\"https:\/\/bravasun.com\/wp-content\/uploads\/2025\/12\/BRAVASUN-logo_dark_horizontal-512px.png\",\"contentUrl\":\"https:\/\/bravasun.com\/wp-content\/uploads\/2025\/12\/BRAVASUN-logo_dark_horizontal-512px.png\",\"width\":512,\"height\":118,\"caption\":\"Bravasun\"},\"image\":{\"@id\":\"https:\/\/bravasun.com\/#\/schema\/logo\/image\/\"},\"sameAs\":[\"https:\/\/www.facebook.com\/people\/Bravasun\/100088618969920\/\",\"https:\/\/www.instagram.com\/bravasun\/\"]}]}<\/script>\n<!-- \/ Yoast SEO plugin. -->","yoast_head_json":{"title":"Mentions l\u00e9gales &#8211; Bravasun","description":"Consultez les mentions l\u00e9gales du site BRAVASUN, \u00e9diteur, h\u00e9bergement, responsabilit\u00e9s et informations l\u00e9gales obligatoires.","robots":{"index":"index","follow":"follow","max-snippet":"max-snippet:-1","max-image-preview":"max-image-preview:large","max-video-preview":"max-video-preview:-1"},"canonical":"https:\/\/bravasun.com\/fr\/mentions-legales\/","og_locale":"fr_FR","og_type":"article","og_title":"Mentions l\u00e9gales &#8211; Bravasun","og_description":"Consultez les mentions l\u00e9gales du site BRAVASUN, \u00e9diteur, h\u00e9bergement, responsabilit\u00e9s et informations l\u00e9gales obligatoires.","og_url":"https:\/\/bravasun.com\/fr\/mentions-legales\/","og_site_name":"Bravasun","article_publisher":"https:\/\/www.facebook.com\/people\/Bravasun\/100088618969920\/","article_modified_time":"2025-12-13T16:00:45+00:00","twitter_card":"summary_large_image","twitter_misc":{"Dur\u00e9e de lecture estim\u00e9e":"3 minutes"},"schema":{"@context":"https:\/\/schema.org","@graph":[{"@type":"WebPage","@id":"https:\/\/bravasun.com\/mentions-legales\/","url":"https:\/\/bravasun.com\/mentions-legales\/","name":"Mentions l\u00e9gales &#8211; Bravasun","isPartOf":{"@id":"https:\/\/bravasun.com\/#website"},"datePublished":"2025-12-03T01:21:23+00:00","dateModified":"2025-12-13T16:00:45+00:00","description":"Consultez les mentions l\u00e9gales du site BRAVASUN, \u00e9diteur, h\u00e9bergement, responsabilit\u00e9s et informations l\u00e9gales obligatoires.","breadcrumb":{"@id":"https:\/\/bravasun.com\/mentions-legales\/#breadcrumb"},"inLanguage":"fr-FR","potentialAction":[{"@type":"ReadAction","target":["https:\/\/bravasun.com\/mentions-legales\/"]}]},{"@type":"BreadcrumbList","@id":"https:\/\/bravasun.com\/mentions-legales\/#breadcrumb","itemListElement":[{"@type":"ListItem","position":1,"name":"Accueil","item":"https:\/\/bravasun.com\/fr\/"},{"@type":"ListItem","position":2,"name":"Mentions l\u00e9gales"}]},{"@type":"WebSite","@id":"https:\/\/bravasun.com\/#website","url":"https:\/\/bravasun.com\/","name":"Bravasun","description":"Imaginer des exp\u00e9riences d\u2019exception en Espagne","publisher":{"@id":"https:\/\/bravasun.com\/#organization"},"potentialAction":[{"@type":"SearchAction","target":{"@type":"EntryPoint","urlTemplate":"https:\/\/bravasun.com\/?s={search_term_string}"},"query-input":{"@type":"PropertyValueSpecification","valueRequired":true,"valueName":"search_term_string"}}],"inLanguage":"fr-FR"},{"@type":"Organization","@id":"https:\/\/bravasun.com\/#organization","name":"Bravasun","url":"https:\/\/bravasun.com\/","logo":{"@type":"ImageObject","inLanguage":"fr-FR","@id":"https:\/\/bravasun.com\/#\/schema\/logo\/image\/","url":"https:\/\/bravasun.com\/wp-content\/uploads\/2025\/12\/BRAVASUN-logo_dark_horizontal-512px.png","contentUrl":"https:\/\/bravasun.com\/wp-content\/uploads\/2025\/12\/BRAVASUN-logo_dark_horizontal-512px.png","width":512,"height":118,"caption":"Bravasun"},"image":{"@id":"https:\/\/bravasun.com\/#\/schema\/logo\/image\/"},"sameAs":["https:\/\/www.facebook.com\/people\/Bravasun\/100088618969920\/","https:\/\/www.instagram.com\/bravasun\/"]}]}},"_links":{"self":[{"href":"https:\/\/bravasun.com\/fr\/wp-json\/wp\/v2\/pages\/539","targetHints":{"allow":["GET"]}}],"collection":[{"href":"https:\/\/bravasun.com\/fr\/wp-json\/wp\/v2\/pages"}],"about":[{"href":"https:\/\/bravasun.com\/fr\/wp-json\/wp\/v2\/types\/page"}],"author":[{"embeddable":true,"href":"https:\/\/bravasun.com\/fr\/wp-json\/wp\/v2\/users\/1"}],"replies":[{"embeddable":true,"href":"https:\/\/bravasun.com\/fr\/wp-json\/wp\/v2\/comments?post=539"}],"version-history":[{"count":7,"href":"https:\/\/bravasun.com\/fr\/wp-json\/wp\/v2\/pages\/539\/revisions"}],"predecessor-version":[{"id":1030,"href":"https:\/\/bravasun.com\/fr\/wp-json\/wp\/v2\/pages\/539\/revisions\/1030"}],"wp:attachment":[{"href":"https:\/\/bravasun.com\/fr\/wp-json\/wp\/v2\/media?parent=539"}],"curies":[{"name":"wp","href":"https:\/\/api.w.org\/{rel}","templated":true}]}}