{"id":729,"date":"2025-12-04T15:51:56","date_gmt":"2025-12-04T14:51:56","guid":{"rendered":"https:\/\/staging.bravasun.com\/?page_id=729"},"modified":"2025-12-16T16:30:30","modified_gmt":"2025-12-16T15:30:30","slug":"evenements-business-incentive","status":"publish","type":"page","link":"https:\/\/bravasun.com\/fr\/evenements-entreprise\/evenements-business-incentive\/","title":{"rendered":"\u00c9v\u00e9nements Business et Incentive"},"content":{"rendered":"","protected":false},"excerpt":{"rendered":"","protected":false},"author":1,"featured_media":0,"parent":533,"menu_order":0,"comment_status":"closed","ping_status":"closed","template":"","meta":{"_acf_changed":false,"footnotes":""},"class_list":["post-729","page","type-page","status-publish","hentry"],"acf":[],"yoast_head":"<!-- This site is optimized with the Yoast SEO plugin v26.6 - https:\/\/yoast.com\/wordpress\/plugins\/seo\/ -->\n<title>\u00c9v\u00e9nements Business et Incentive &#8211; Bravasun<\/title>\n<meta name=\"description\" content=\"BRAVASUN con\u00e7oit des \u00e9v\u00e9nements business et incentive en Espagne, favorisant coh\u00e9sion, motivation et exp\u00e9riences m\u00e9morables pour vos \u00e9quipes.\" \/>\n<meta name=\"robots\" content=\"index, follow, max-snippet:-1, max-image-preview:large, max-video-preview:-1\" \/>\n<link rel=\"canonical\" href=\"https:\/\/bravasun.com\/fr\/evenements-entreprise\/evenements-business-incentive\/\" \/>\n<meta property=\"og:locale\" content=\"fr_FR\" \/>\n<meta property=\"og:type\" content=\"article\" \/>\n<meta property=\"og:title\" content=\"\u00c9v\u00e9nements Business et Incentive &#8211; Bravasun\" \/>\n<meta property=\"og:description\" content=\"BRAVASUN con\u00e7oit des \u00e9v\u00e9nements business et incentive en Espagne, favorisant coh\u00e9sion, motivation et exp\u00e9riences m\u00e9morables pour vos \u00e9quipes.\" \/>\n<meta property=\"og:url\" content=\"https:\/\/bravasun.com\/fr\/evenements-entreprise\/evenements-business-incentive\/\" \/>\n<meta property=\"og:site_name\" content=\"Bravasun\" \/>\n<meta property=\"article:publisher\" content=\"https:\/\/www.facebook.com\/people\/Bravasun\/100088618969920\/\" \/>\n<meta property=\"article:modified_time\" content=\"2025-12-16T15:30:30+00:00\" \/>\n<meta name=\"twitter:card\" content=\"summary_large_image\" \/>\n<meta name=\"twitter:label1\" content=\"Dur\u00e9e de lecture estim\u00e9e\" \/>\n\t<meta name=\"twitter:data1\" content=\"6 minutes\" \/>\n<script type=\"application\/ld+json\" class=\"yoast-schema-graph\">{\"@context\":\"https:\/\/schema.org\",\"@graph\":[{\"@type\":\"WebPage\",\"@id\":\"https:\/\/bravasun.com\/fr\/evenements-entreprise\/evenements-business-incentive\/\",\"url\":\"https:\/\/bravasun.com\/fr\/evenements-entreprise\/evenements-business-incentive\/\",\"name\":\"\u00c9v\u00e9nements Business et Incentive &#8211; Bravasun\",\"isPartOf\":{\"@id\":\"https:\/\/bravasun.com\/#website\"},\"datePublished\":\"2025-12-04T14:51:56+00:00\",\"dateModified\":\"2025-12-16T15:30:30+00:00\",\"description\":\"BRAVASUN con\u00e7oit des \u00e9v\u00e9nements business et incentive en Espagne, favorisant coh\u00e9sion, motivation et exp\u00e9riences m\u00e9morables pour vos \u00e9quipes.\",\"breadcrumb\":{\"@id\":\"https:\/\/bravasun.com\/fr\/evenements-entreprise\/evenements-business-incentive\/#breadcrumb\"},\"inLanguage\":\"fr-FR\",\"potentialAction\":[{\"@type\":\"ReadAction\",\"target\":[\"https:\/\/bravasun.com\/fr\/evenements-entreprise\/evenements-business-incentive\/\"]}]},{\"@type\":\"BreadcrumbList\",\"@id\":\"https:\/\/bravasun.com\/fr\/evenements-entreprise\/evenements-business-incentive\/#breadcrumb\",\"itemListElement\":[{\"@type\":\"ListItem\",\"position\":1,\"name\":\"Accueil\",\"item\":\"https:\/\/bravasun.com\/fr\/\"},{\"@type\":\"ListItem\",\"position\":2,\"name\":\"\u00c9v\u00e9nements MICE &amp; R\u00e9unions\",\"item\":\"https:\/\/bravasun.com\/evenements-entreprise\/\"},{\"@type\":\"ListItem\",\"position\":3,\"name\":\"\u00c9v\u00e9nements Business et Incentive\"}]},{\"@type\":\"WebSite\",\"@id\":\"https:\/\/bravasun.com\/#website\",\"url\":\"https:\/\/bravasun.com\/\",\"name\":\"Bravasun\",\"description\":\"Imaginer des exp\u00e9riences d\u2019exception en Espagne\",\"publisher\":{\"@id\":\"https:\/\/bravasun.com\/#organization\"},\"potentialAction\":[{\"@type\":\"SearchAction\",\"target\":{\"@type\":\"EntryPoint\",\"urlTemplate\":\"https:\/\/bravasun.com\/?s={search_term_string}\"},\"query-input\":{\"@type\":\"PropertyValueSpecification\",\"valueRequired\":true,\"valueName\":\"search_term_string\"}}],\"inLanguage\":\"fr-FR\"},{\"@type\":\"Organization\",\"@id\":\"https:\/\/bravasun.com\/#organization\",\"name\":\"Bravasun\",\"url\":\"https:\/\/bravasun.com\/\",\"logo\":{\"@type\":\"ImageObject\",\"inLanguage\":\"fr-FR\",\"@id\":\"https:\/\/bravasun.com\/#\/schema\/logo\/image\/\",\"url\":\"https:\/\/bravasun.com\/wp-content\/uploads\/2025\/12\/BRAVASUN-logo_dark_horizontal-512px.png\",\"contentUrl\":\"https:\/\/bravasun.com\/wp-content\/uploads\/2025\/12\/BRAVASUN-logo_dark_horizontal-512px.png\",\"width\":512,\"height\":118,\"caption\":\"Bravasun\"},\"image\":{\"@id\":\"https:\/\/bravasun.com\/#\/schema\/logo\/image\/\"},\"sameAs\":[\"https:\/\/www.facebook.com\/people\/Bravasun\/100088618969920\/\",\"https:\/\/www.instagram.com\/bravasun\/\"]}]}<\/script>\n<!-- \/ Yoast SEO plugin. -->","yoast_head_json":{"title":"\u00c9v\u00e9nements Business et Incentive &#8211; Bravasun","description":"BRAVASUN con\u00e7oit des \u00e9v\u00e9nements business et incentive en Espagne, favorisant coh\u00e9sion, motivation et exp\u00e9riences m\u00e9morables pour vos \u00e9quipes.","robots":{"index":"index","follow":"follow","max-snippet":"max-snippet:-1","max-image-preview":"max-image-preview:large","max-video-preview":"max-video-preview:-1"},"canonical":"https:\/\/bravasun.com\/fr\/evenements-entreprise\/evenements-business-incentive\/","og_locale":"fr_FR","og_type":"article","og_title":"\u00c9v\u00e9nements Business et Incentive &#8211; Bravasun","og_description":"BRAVASUN con\u00e7oit des \u00e9v\u00e9nements business et incentive en Espagne, favorisant coh\u00e9sion, motivation et exp\u00e9riences m\u00e9morables pour vos \u00e9quipes.","og_url":"https:\/\/bravasun.com\/fr\/evenements-entreprise\/evenements-business-incentive\/","og_site_name":"Bravasun","article_publisher":"https:\/\/www.facebook.com\/people\/Bravasun\/100088618969920\/","article_modified_time":"2025-12-16T15:30:30+00:00","twitter_card":"summary_large_image","twitter_misc":{"Dur\u00e9e de lecture estim\u00e9e":"6 minutes"},"schema":{"@context":"https:\/\/schema.org","@graph":[{"@type":"WebPage","@id":"https:\/\/bravasun.com\/fr\/evenements-entreprise\/evenements-business-incentive\/","url":"https:\/\/bravasun.com\/fr\/evenements-entreprise\/evenements-business-incentive\/","name":"\u00c9v\u00e9nements Business et Incentive &#8211; Bravasun","isPartOf":{"@id":"https:\/\/bravasun.com\/#website"},"datePublished":"2025-12-04T14:51:56+00:00","dateModified":"2025-12-16T15:30:30+00:00","description":"BRAVASUN con\u00e7oit des \u00e9v\u00e9nements business et incentive en Espagne, favorisant coh\u00e9sion, motivation et exp\u00e9riences m\u00e9morables pour vos \u00e9quipes.","breadcrumb":{"@id":"https:\/\/bravasun.com\/fr\/evenements-entreprise\/evenements-business-incentive\/#breadcrumb"},"inLanguage":"fr-FR","potentialAction":[{"@type":"ReadAction","target":["https:\/\/bravasun.com\/fr\/evenements-entreprise\/evenements-business-incentive\/"]}]},{"@type":"BreadcrumbList","@id":"https:\/\/bravasun.com\/fr\/evenements-entreprise\/evenements-business-incentive\/#breadcrumb","itemListElement":[{"@type":"ListItem","position":1,"name":"Accueil","item":"https:\/\/bravasun.com\/fr\/"},{"@type":"ListItem","position":2,"name":"\u00c9v\u00e9nements MICE &amp; R\u00e9unions","item":"https:\/\/bravasun.com\/evenements-entreprise\/"},{"@type":"ListItem","position":3,"name":"\u00c9v\u00e9nements Business et Incentive"}]},{"@type":"WebSite","@id":"https:\/\/bravasun.com\/#website","url":"https:\/\/bravasun.com\/","name":"Bravasun","description":"Imaginer des exp\u00e9riences d\u2019exception en Espagne","publisher":{"@id":"https:\/\/bravasun.com\/#organization"},"potentialAction":[{"@type":"SearchAction","target":{"@type":"EntryPoint","urlTemplate":"https:\/\/bravasun.com\/?s={search_term_string}"},"query-input":{"@type":"PropertyValueSpecification","valueRequired":true,"valueName":"search_term_string"}}],"inLanguage":"fr-FR"},{"@type":"Organization","@id":"https:\/\/bravasun.com\/#organization","name":"Bravasun","url":"https:\/\/bravasun.com\/","logo":{"@type":"ImageObject","inLanguage":"fr-FR","@id":"https:\/\/bravasun.com\/#\/schema\/logo\/image\/","url":"https:\/\/bravasun.com\/wp-content\/uploads\/2025\/12\/BRAVASUN-logo_dark_horizontal-512px.png","contentUrl":"https:\/\/bravasun.com\/wp-content\/uploads\/2025\/12\/BRAVASUN-logo_dark_horizontal-512px.png","width":512,"height":118,"caption":"Bravasun"},"image":{"@id":"https:\/\/bravasun.com\/#\/schema\/logo\/image\/"},"sameAs":["https:\/\/www.facebook.com\/people\/Bravasun\/100088618969920\/","https:\/\/www.instagram.com\/bravasun\/"]}]}},"_links":{"self":[{"href":"https:\/\/bravasun.com\/fr\/wp-json\/wp\/v2\/pages\/729","targetHints":{"allow":["GET"]}}],"collection":[{"href":"https:\/\/bravasun.com\/fr\/wp-json\/wp\/v2\/pages"}],"about":[{"href":"https:\/\/bravasun.com\/fr\/wp-json\/wp\/v2\/types\/page"}],"author":[{"embeddable":true,"href":"https:\/\/bravasun.com\/fr\/wp-json\/wp\/v2\/users\/1"}],"replies":[{"embeddable":true,"href":"https:\/\/bravasun.com\/fr\/wp-json\/wp\/v2\/comments?post=729"}],"version-history":[{"count":42,"href":"https:\/\/bravasun.com\/fr\/wp-json\/wp\/v2\/pages\/729\/revisions"}],"predecessor-version":[{"id":1415,"href":"https:\/\/bravasun.com\/fr\/wp-json\/wp\/v2\/pages\/729\/revisions\/1415"}],"up":[{"embeddable":true,"href":"https:\/\/bravasun.com\/fr\/wp-json\/wp\/v2\/pages\/533"}],"wp:attachment":[{"href":"https:\/\/bravasun.com\/fr\/wp-json\/wp\/v2\/media?parent=729"}],"curies":[{"name":"wp","href":"https:\/\/api.w.org\/{rel}","templated":true}]}}